{"id":2106,"date":"2017-06-08T10:25:30","date_gmt":"2017-06-08T09:25:30","guid":{"rendered":"http:\/\/moto-center.ch\/rentals\/?page_id=2106"},"modified":"2019-04-18T11:48:42","modified_gmt":"2019-04-18T09:48:42","slug":"impressum-de","status":"publish","type":"page","link":"https:\/\/moto-center.ch\/rentals\/de\/impressum-de\/","title":{"rendered":"Impressum DE"},"content":{"rendered":"\n\t<section style=\" padding-top:155px;  padding-bottom:280px; \" class=\"fw-main-row bg-darker container-fluid autogen\">\n\t\t<div class=\" container\">\n\t\t  <div class=\"fw-row\">\n\t\n<div class=\"col-xs-12 txt-autogen\">\n\t\t\t<div class=\" txt-autogen no_bg\"><h1>Impressum<\/h1><p><strong>Adresse<\/strong><br \/>Moto-Center Thun<br \/>Moto-Center Group AG<br \/>Bernstrasse 117<br \/>3612 Steffisburg<\/p><p><strong>Kontakt<\/strong><br \/>Telefon: 033 439 59 59<br \/>Telefax: 033 439 59 50<br \/>E-Mail: office@moto-center.ch<\/p><p><strong>Wirtschaftsinformationen<br \/><\/strong>MWSt-Nummer: CHE-341.300.435 MWST<br \/>Firmensitz: 3613 Steffisburg<\/p><p><strong>Copyright<\/strong><\/p><p>Das Copyright f\u00fcr s\u00e4mtliche Inhalte dieser Website liegt bei Moto-Center Group AG.<\/p><p><strong>Disclaimer<\/strong><\/p><p>Alle Texte und Links wurden sorgf\u00e4ltig gepr\u00fcft und werden laufend aktualisiert. Wir sind bem\u00fcht, richtige und vollst\u00e4ndige Informationen auf dieser Website bereitzustellen, \u00fcbernehmen aber keinerlei Verantwortung, Garantien oder Haftung daf\u00fcr, dass die durch diese Website bereitgestellten Informationen, richtig, vollst\u00e4ndig oder aktuell sind. Wir behalten uns das Recht vor, jederzeit und ohne Vorank\u00fcndigung die Informationen auf dieser Website zu \u00e4ndern und verpflichten uns auch nicht, die enthaltenen Informationen zu aktualisieren. Alle Links zu externen Anbietern wurden zum Zeitpunkt ihrer Aufnahme auf ihre Richtigkeit \u00fcberpr\u00fcft, dennoch haften wir nicht f\u00fcr Inhalte und Verf\u00fcgbarkeit von Websites, die mittels Hyperlinks zu erreichen sind. F\u00fcr illegale, fehlerhafte oder unvollst\u00e4ndige Inhalte und insbesondere f\u00fcr Sch\u00e4den, die durch Inhalte verkn\u00fcpfter Seiten entstehen, haftet allein der Anbieter der Seite, auf welche verwiesen wurde. Dabei ist es gleichg\u00fcltig, ob der Schaden direkter, indirekter oder finanzieller Natur ist oder ein sonstiger Schaden vorliegt, der sich aus Datenverlust, Nutzungsausfall oder anderen Gr\u00fcnden aller Art ergeben k\u00f6nnte.<\/p><p><strong>Datenschutz<\/strong><\/p><p>Wir verpflichten uns, die Privatsph\u00e4re aller Personen zu sch\u00fctzen, die unsere Website nutzen, und die pers\u00f6nlichen Daten, die uns unsere Besucher \u00fcberlassen, vertraulich zu behandeln.<\/p><p>Verschiedene Angebote unserer Website (z.B. Newsletter und Veranstaltungen) erfordern die Eingabe von Daten wie Namen, E-Mail-Adressen und weiterer Adressdaten. Die erfassten Informationen werden ausschliesslich dazu genutzt, in Kontakt mit Ihnen zu treten. Pers\u00f6nliche Daten unserer Nutzer werden nicht an Dritte weitergegeben. Wir erstellen keine pers\u00f6nlichen Nutzerprofile unserer Nutzer. Lediglich allgemeine Informationen (z.B. Statistiken \u00fcber die zeitliche Verteilung von Seitenabrufen) \u00fcber die Zugriffe auf unsere Website werden zur technischen und inhaltlichen \u00dcberpr\u00fcfung gespeichert. Diese Daten werden jedoch aggregiert und lassen keine R\u00fcckschl\u00fcsse auf einzelne Besucher zu. Sie k\u00f6nnen von uns jederzeit Auskunft \u00fcber die von Ihnen bei uns gespeicherten Informationen erhalten oder deren L\u00f6schung veranlassen. Bitte senden Sie dazu eine Mail an <a href=\"mailto:office@moto-center.ch\">office@moto-center.ch<\/a>.<\/p><p>Adressen der Newsletterabonnenten werden nicht an Werbekunden und Interessierte weitergegeben.<\/p><p>F\u00fcr die Sicherheit der Daten\u00fcbertragung im Internet k\u00f6nnen wir keine Gew\u00e4hr \u00fcbernehmen, insbesondere besteht bei der \u00dcbertragung von Daten per E-Mail die Gefahr des Zugriffs durch Dritte.<\/p><p>Einer Nutzung der im Impressum ver\u00f6ffentlichten Kontaktdaten durch Dritte zu Werbezwecken wird hiermit ausdr\u00fccklich widersprochen. Der Betreiber beh\u00e4lt sich f\u00fcr den Fall unverlangt zugesandter Werbe- oder Informationsmaterialien ausdr\u00fccklich rechtliche Schritte vor.<\/p><p>Wir verwenden an einigen Stellen unserer Website Cookies. Dies geschieht im Rahmen der Realisierung bestimmter Funktionalit\u00e4ten f\u00fcr unsere Nutzer und Analyse des Kundenverhaltens.<\/p><p><strong>Google Analytics<\/strong><\/p><p>Diese Website benutzt Google Analytics, einen Webanalysedienst der Google Inc. (\u201eGoogle\u201c). Google Analytics verwendet sog. \u201eCookies\u201c, Textdateien, die auf Ihrem Computer gespeichert werden und die eine Analyse der Benutzung der Website durch Sie erm\u00f6glichen. Die durch den Cookie erzeugten Informationen \u00fcber Ihre Benutzung dieser Website werden in der Regel an einen Server von Google in den USA \u00fcbertragen und dort gespeichert. Im Falle der Aktivierung der IP-Anonymisierung auf dieser Webseite, wird Ihre IP-Adresse von Google jedoch innerhalb von Mitgliedstaaten der Europ\u00e4ischen Union oder in anderen Vertragsstaaten des Abkommens \u00fcber den Europ\u00e4ischen Wirtschaftsraum zuvor gek\u00fcrzt. Nur in Ausnahmef\u00e4llen wird die volle IP-Adresse an einen Server von Google in den USA \u00fcbertragen und dort gek\u00fcrzt. Im Auftrag des Betreibers dieser Website wird Google diese Informationen benutzen, um Ihre Nutzung der Website auszuwerten, um Reports \u00fcber die Websiteaktivit\u00e4ten zusammenzustellen und um weitere mit der Websitenutzung und der Internetnutzung verbundene Dienstleistungen gegen\u00fcber dem Websitebetreiber zu erbringenDie im Rahmen von Google Analytics von Ihrem Browser \u00fcbermittelte IP-Adresse wird nicht mit anderen Daten von Google zusammengef\u00fchrt. Sie k\u00f6nnen die Speicherung der Cookies durch eine entsprechende Einstellung Ihrer Browser-Software verhindern; wir weisen Sie jedoch darauf hin, dass Sie in diesem Fall gegebenenfalls nicht s\u00e4mtliche Funktionen dieser Website vollumf\u00e4nglich werden nutzen k\u00f6nnen.\u00a0 Sie k\u00f6nnen dar\u00fcber hinaus die Erfassung der durch das Cookie erzeugten und auf Ihre Nutzung der Website bezogenen Daten (inkl. Ihrer IP-Adresse) an Google sowie die Verarbeitung dieser Daten durch Google verhindern, indem sie das unter dem folgenden Link verf\u00fcgbare Browser-Plugin herunterladen und installieren. Der aktuelle Link ist <a href=\"http:\/\/tools.google.com\/dlpage\/gaoptout?hl=de\">http:\/\/tools.google.com\/dlpage\/gaoptout?hl=de<\/a>].<\/p><p>Google Analytics Bedingungen: <a href=\"http:\/\/www.google.com\/analytics\/terms\/de.html\">http:\/\/www.google.com\/analytics\/terms\/de.html<\/a><\/p><p><strong>Facebook<br \/><\/strong><\/p><p>Wir setzen Cookies von Facebook mittels \"Pixel\" ein. Wenn du ein Facebook-Konto hast, die <a href=\"https:\/\/www.facebook.com\/help\/1561485474074139\">Facebook-Produkte<\/a>, einschliesslich der Webseite und Apps von Facebook, nutzt oder andere Webseiten und Apps besuchst, die die Facebook-Produkte nutzen (einschliesslich des \u201eGef\u00e4llt mir\u201c-Buttons oder anderer Facebook-Technologien) verwendet Facebook Cookies. Cookies erm\u00f6glichen es Facebook dir die Facebook-Produkte anzubieten und die Informationen zu verstehen, die Facebook \u00fcber dich erh\u00e4lt, einschliesslich Informationen \u00fcber deine Nutzung anderer Webseiten und Apps, und zwar unabh\u00e4ngig davon, ob du registriert bzw. angemeldet bist oder nicht.<\/p><p>Weitere Informationen findest du in den Facebook Cookie Richtlinien: <a href=\"https:\/\/www.facebook.com\/policies\/cookies\">https:\/\/www.facebook.com\/policies\/cookies<\/a><\/p><\/div>\t\t<\/div>\n<\/div>\n\n\t\t<\/div>\n\t\t\t<\/section>\n\n\n","protected":false},"excerpt":{"rendered":"<p>ImpressumAdresseMoto-Center ThunMoto-Center Group AGBernstrasse 1173612 SteffisburgKontaktTelefon: 033 439 59 59Telefax: 033 439 59 50E-Mail: office@moto-center.chWirtschaftsinformationenMWSt-Nummer: CHE-341.300.435 MWSTFirmensitz: 3613 SteffisburgCopyrightDas Copyright f\u00fcr s\u00e4mtliche Inhalte dieser Website liegt bei Moto-Center Group AG.DisclaimerAlle Texte und Links wurden sorgf\u00e4ltig gepr\u00fcft und werden laufend aktualisiert. Wir sind bem\u00fcht, richtige und vollst\u00e4ndige Informationen auf dieser Website bereitzustellen, \u00fcbernehmen aber keinerlei Verantwortung, [&hellip;]<\/p>\n","protected":false},"author":3,"featured_media":0,"parent":0,"menu_order":0,"comment_status":"closed","ping_status":"closed","template":"","meta":{"footnotes":""},"class_list":["post-2106","page","type-page","status-publish","hentry"],"lang":"de","translations":{"de":2106,"en":2118},"pll_sync_post":[],"_links":{"self":[{"href":"https:\/\/moto-center.ch\/rentals\/wp-json\/wp\/v2\/pages\/2106","targetHints":{"allow":["GET"]}}],"collection":[{"href":"https:\/\/moto-center.ch\/rentals\/wp-json\/wp\/v2\/pages"}],"about":[{"href":"https:\/\/moto-center.ch\/rentals\/wp-json\/wp\/v2\/types\/page"}],"author":[{"embeddable":true,"href":"https:\/\/moto-center.ch\/rentals\/wp-json\/wp\/v2\/users\/3"}],"replies":[{"embeddable":true,"href":"https:\/\/moto-center.ch\/rentals\/wp-json\/wp\/v2\/comments?post=2106"}],"version-history":[{"count":6,"href":"https:\/\/moto-center.ch\/rentals\/wp-json\/wp\/v2\/pages\/2106\/revisions"}],"predecessor-version":[{"id":4967,"href":"https:\/\/moto-center.ch\/rentals\/wp-json\/wp\/v2\/pages\/2106\/revisions\/4967"}],"wp:attachment":[{"href":"https:\/\/moto-center.ch\/rentals\/wp-json\/wp\/v2\/media?parent=2106"}],"curies":[{"name":"wp","href":"https:\/\/api.w.org\/{rel}","templated":true}]}}