{"id":198,"date":"2016-05-31T11:01:16","date_gmt":"2016-05-31T10:01:16","guid":{"rendered":"http:\/\/moto-center.ch\/rentals\/?page_id=198"},"modified":"2025-04-01T15:17:35","modified_gmt":"2025-04-01T13:17:35","slug":"mietpreise","status":"publish","type":"page","link":"https:\/\/moto-center.ch\/rentals\/de\/mietpreise\/","title":{"rendered":"Mietpreise DE"},"content":{"rendered":"\t\t<section style = \" padding-top:170px;  padding-bottom:15px; \"  class=\"fw-main-row bg_body container\">\n\t\t\t<div>\n\t\t\t\t<div class=\"fw-row\">\n\t\n<div class=\"col-xs-12 txt-autogen\">\n\t\t\t\n  \t  <div class=\"fw-divider-space\" style=\"padding-top: 50px;\"><\/div>\n\t\t\t<\/div>\n<\/div>\n\n<div class=\"fw-row\">\n\t\n<div class=\"col-xs-12 txt-autogen\">\n\t\t\t<table class=\"table table-striped\">\n  <tr>\n    <td><strong><\/strong><\/td>\n    <td><strong>Weekend<\/td>\n    <td><strong> 1 Tag <\/strong><\/td>\n    <td><strong> 2 Tage <\/strong><\/td>\n    <td><strong> 3 Tage <\/strong><\/td>\n    <td><strong> 4 Tage <\/strong><\/td>\n    <td><strong> 5 Tage <\/strong><\/td>\n    <td><strong> 6 Tage <\/strong><\/td>\n    <td><strong> 7 Tage <\/strong><\/td>\n    <td><strong>8+ Tage <\/strong><\/td>\n    <td><strong>Mehr-km <\/strong><\/td>\n    <td><strong>Km-Paket <\/strong><\/td>\n    <td><strong>Depot <\/strong><\/td>\n  <\/tr>\n  <tr>\n    <td>&nbsp;<\/td>\n    <td>&nbsp;<\/td>\n    <td>&nbsp;<\/td>\n    <td>&nbsp;<\/td>\n    <td>&nbsp;<\/td>\n    <td>&nbsp;<\/td>\n    <td>&nbsp;<\/td>\n    <td>&nbsp;<\/td>\n    <td>&nbsp;<\/td>\n    <td>&nbsp;<\/td>\n    <td>&nbsp;<\/td>\n    <td>&nbsp;<\/td>\n    <td>&nbsp;<\/td>\n  <\/tr>\n  <tr>\n    <td><strong> S 1000 RR<\/strong><\/td>\n    <td> 480 <\/td>\n    <td> 240 <\/td>\n    <td> 461 <\/td>\n    <td> 677 <\/td>\n    <td> 864 <\/td>\n    <td> 1032 <\/td>\n    <td> 1181 <\/td>\n    <td> 1310 <\/td>\n    <td> 187 <\/td>\n    <td> 0.60 <\/td>\n    <td> 35.00 <\/td>\n    <td> 2000 <\/td>\n  <\/tr>\n  <tr>\n    <td><strong> M 1000 R<\/strong><\/td>\n    <td> 480 <\/td>\n    <td> 240 <\/td>\n    <td> 461 <\/td>\n    <td> 677 <\/td>\n    <td> 864 <\/td>\n    <td> 1032 <\/td>\n    <td> 1181 <\/td>\n    <td> 1310 <\/td>\n    <td> 187 <\/td>\n    <td> 0.60 <\/td>\n    <td> 35.00 <\/td>\n    <td> 2000 <\/td>\n  <\/tr><tr>\n    <td><strong> S 1000 R<\/strong><\/td>\n    <td> 430 <\/td>\n    <td> 215 <\/td>\n    <td> 413 <\/td>\n    <td> 607 <\/td>\n    <td> 774 <\/td>\n    <td> 925 <\/td>\n    <td> 1058 <\/td>\n    <td> 11074 <\/td>\n    <td> 168 <\/td>\n    <td> 0.50 <\/td>\n    <td> 30.00 <\/td>\n    <td> 2000 <\/td>\n  <\/tr>\n  <tr>\n    <td><strong>R 1250 RS<\/strong><\/td>\n    <td> 380 <\/td>\n    <td> 190 <\/td>\n    <td> 360 <\/td>\n    <td> 536 <\/td>\n    <td> 699 <\/td>\n    <td> 846 <\/td>\n    <td> 969 <\/td>\n    <td> 1077 <\/td>\n    <td> 154 <\/td>\n    <td> 0.50 <\/td>\n    <td> 30.00 <\/td>\n    <td> 2000 <\/td>\n  <\/tr>\n <tr>\n    <td><strong> R 1250 R<\/strong><\/td>\n    <td> 340 <\/td>\n    <td> 170 <\/td>\n    <td> 322 <\/td>\n    <td> 480 <\/td>\n    <td> 625 <\/td>\n    <td> 757 <\/td>\n    <td> 867 <\/td>\n    <td> 964 <\/td>\n    <td> 138 <\/td>\n    <td> 0.50 <\/td>\n    <td> 30.00 <\/td>\n    <td> 2000 <\/td>\n  <\/tr>\n  <tr>\n    <td><strong> F 900 R<\/strong><\/td>\n    <td> 300 <\/td>\n    <td> 150 <\/td>\n    <td> 288 <\/td>\n    <td> 424 <\/td>\n    <td> 540 <\/td>\n    <td> 646 <\/td>\n    <td> 738 <\/td>\n    <td> 820 <\/td>\n    <td> 117 <\/td>\n    <td> 0.40 <\/td>\n    <td> 30.00 <\/td>\n    <td> 2000 <\/td>\n  <\/tr>\n  <tr>\n    <td><strong> F 900 R (35 kW Tief)<\/strong><\/td>\n    <td> 300 <\/td>\n    <td> 150 <\/td>\n    <td> 288 <\/td>\n    <td> 424 <\/td>\n    <td> 540 <\/td>\n    <td> 646 <\/td>\n    <td> 738 <\/td>\n    <td> 820 <\/td>\n    <td> 117 <\/td>\n    <td> 0.40 <\/td>\n    <td> 30.00 <\/td>\n    <td> 2000 <\/td>\n  <\/tr>\n  <tr>\n    <td><strong> G 310 R<\/strong><\/td>\n    <td> 270 <\/td>\n    <td> 135 <\/td>\n    <td> 259 <\/td>\n    <td> 381 <\/td>\n    <td> 491 <\/td>\n    <td> 594 <\/td>\n    <td> 680 <\/td>\n    <td> 759 <\/td>\n    <td> 108 <\/td>\n    <td> 0.35 <\/td>\n    <td> 25.00 <\/td>\n    <td> 2000 <\/td>\n  <\/tr>\n <tr>\n    <td><strong> R 18<\/strong><\/td>\n    <td> 430 <\/td>\n    <td> 215 <\/td>\n    <td> 413 <\/td>\n    <td> 607 <\/td>\n    <td> 774 <\/td>\n    <td> 925 <\/td>\n    <td> 1058 <\/td>\n    <td> 11074 <\/td>\n    <td> 168 <\/td>\n    <td> 0.50 <\/td>\n    <td> 30.00 <\/td>\n    <td> 2000 <\/td>\n  <\/tr>\n<tr>\n    <td><strong> R nine T<\/strong><\/td>\n    <td> 400 <\/td>\n    <td> 200 <\/td>\n    <td> 384 <\/td>\n    <td> 564 <\/td>\n    <td> 722 <\/td>\n    <td> 861 <\/td>\n    <td> 984 <\/td>\n    <td> 1092 <\/td>\n    <td> 156 <\/td>\n    <td> 0.50 <\/td>\n    <td> 30.00 <\/td>\n    <td> 2000 <\/td>\n  <\/tr>\n <tr>\n    <td><strong> R 12<\/strong><\/td>\n    <td> 400 <\/td>\n    <td> 200 <\/td>\n    <td> 384 <\/td>\n    <td> 564 <\/td>\n    <td> 722 <\/td>\n    <td> 861 <\/td>\n    <td> 984 <\/td>\n    <td> 1092 <\/td>\n    <td> 156 <\/td>\n    <td> 0.50 <\/td>\n    <td> 30.00 <\/td>\n    <td> 2000 <\/td>\n  <\/tr>\n <tr>\n    <td><strong> R 12 nineT<\/strong><\/td>\n    <td> 400 <\/td>\n    <td> 200 <\/td>\n    <td> 384 <\/td>\n    <td> 564 <\/td>\n    <td> 722 <\/td>\n    <td> 861 <\/td>\n    <td> 984 <\/td>\n    <td> 1092 <\/td>\n    <td> 156 <\/td>\n    <td> 0.50 <\/td>\n    <td> 30.00 <\/td>\n    <td> 2000 <\/td>\n  <\/tr>\n <tr>\n    <td><strong> K 1600 GTL<\/strong><\/td>\n    <td> 480 <\/td>\n    <td> 240 <\/td>\n    <td> 461 <\/td>\n    <td> 677 <\/td>\n    <td> 864 <\/td>\n    <td> 1032 <\/td>\n    <td> 1181 <\/td>\n    <td> 1310 <\/td>\n    <td> 187 <\/td>\n    <td> 0.60 <\/td>\n    <td> 35.00 <\/td>\n    <td> 2000 <\/td>\n  <\/tr>\n <tr>\n    <td><strong> K 1600 GT<\/strong><\/td>\n    <td> 480 <\/td>\n    <td> 240 <\/td>\n    <td> 461 <\/td>\n    <td> 677 <\/td>\n    <td> 864 <\/td>\n    <td> 1032 <\/td>\n    <td> 1181 <\/td>\n    <td> 1310 <\/td>\n    <td> 187 <\/td>\n    <td> 0.60 <\/td>\n    <td> 35.00 <\/td>\n    <td> 2000 <\/td>\n  <\/tr>\n  <tr>\n    <td><strong> R 1250 RT<\/strong><\/td>\n    <td> 420 <\/td>\n    <td> 210 <\/td>\n    <td> 403 <\/td>\n    <td> 593 <\/td>\n    <td> 756 <\/td>\n    <td> 904 <\/td>\n    <td> 1033 <\/td>\n    <td> 1147 <\/td>\n    <td> 164 <\/td>\n    <td> 0.50 <\/td>\n    <td> 30.00 <\/td>\n    <td> 2000 <\/td>\n  <\/tr>\n  <tr>\n    <td><strong>M 1000 XR<\/strong><\/td>\n    <td> 480 <\/td>\n    <td> 240 <\/td>\n    <td> 461 <\/td>\n    <td> 677 <\/td>\n    <td> 864 <\/td>\n    <td> 1032 <\/td>\n    <td> 1181 <\/td>\n    <td> 1310 <\/td>\n    <td> 187 <\/td>\n    <td> 0.60 <\/td>\n    <td> 35.00 <\/td>\n    <td> 2000 <\/td>\n  <\/tr> \n <tr>\n    <td><strong>S 1000 XR<\/strong><\/td>\n    <td> 430 <\/td>\n    <td> 215 <\/td>\n    <td> 413 <\/td>\n    <td> 607 <\/td>\n    <td> 774 <\/td>\n    <td> 925 <\/td>\n    <td> 1058 <\/td>\n    <td> 11074 <\/td>\n    <td> 168 <\/td>\n    <td> 0.50 <\/td>\n    <td> 30.00 <\/td>\n    <td> 2000 <\/td>\n  <\/tr>\n    <tr>\n    <td><strong> R 1300 GS<\/strong><\/td>\n    <td> 420 <\/td>\n    <td> 210 <\/td>\n    <td> 403 <\/td>\n    <td> 593 <\/td>\n    <td> 756 <\/td>\n    <td> 904 <\/td>\n    <td> 1033 <\/td>\n    <td> 11147 <\/td>\n    <td> 164 <\/td>\n    <td> 0.50 <\/td>\n    <td> 30.00 <\/td>\n    <td> 2000 <\/td>\n  <\/tr>\n  <tr>\n    <td><strong> R 1300 GS Adventure<\/strong><\/td>\n    <td> 420 <\/td>\n    <td> 210 <\/td>\n    <td> 403 <\/td>\n    <td> 593 <\/td>\n    <td> 756 <\/td>\n    <td> 904 <\/td>\n    <td> 1033 <\/td>\n    <td> 11147 <\/td>\n    <td> 164 <\/td>\n    <td> 0.50 <\/td>\n    <td> 30.00 <\/td>\n    <td> 2000 <\/td>\n  <\/tr>\n  <tr>\n    <td><strong> F 900 XR<\/strong><\/td>\n    <td> 300 <\/td>\n    <td> 150 <\/td>\n    <td> 288 <\/td>\n    <td> 424 <\/td>\n    <td> 540 <\/td>\n    <td> 646 <\/td>\n    <td> 738 <\/td>\n    <td> 820 <\/td>\n    <td> 117 <\/td>\n    <td> 0.40 <\/td>\n    <td> 30.00 <\/td>\n    <td> 2000 <\/td>\n  <\/tr>\n  <tr>\n    <td><strong> F 900 XR (35 kW Tief)<\/strong><\/td>\n    <td> 300 <\/td>\n    <td> 150 <\/td>\n    <td> 288 <\/td>\n    <td> 424 <\/td>\n    <td> 540 <\/td>\n    <td> 646 <\/td>\n    <td> 738 <\/td>\n    <td> 820 <\/td>\n    <td> 117 <\/td>\n    <td> 0.40 <\/td>\n    <td> 30.00 <\/td>\n    <td> 2000 <\/td>\n  <\/tr>\n  <tr>\n    <td><strong> F 900 GS<\/strong><\/td>\n    <td> 300 <\/td>\n    <td> 150 <\/td>\n    <td> 288 <\/td>\n    <td> 424 <\/td>\n    <td> 540 <\/td>\n    <td> 646 <\/td>\n    <td> 738 <\/td>\n    <td> 820 <\/td>\n    <td> 117 <\/td>\n    <td> 0.40 <\/td>\n    <td> 30.00 <\/td>\n    <td> 2000 <\/td>\n  <\/tr>\n<tr>\n    <td><strong> F 900 GS Adventure<\/strong><\/td>\n    <td> 300 <\/td>\n    <td> 150 <\/td>\n    <td> 288 <\/td>\n    <td> 424 <\/td>\n    <td> 540 <\/td>\n    <td> 646 <\/td>\n    <td> 738 <\/td>\n    <td> 820 <\/td>\n    <td> 117 <\/td>\n    <td> 0.40 <\/td>\n    <td> 30.00 <\/td>\n    <td> 2000 <\/td>\n  <\/tr>\n<tr>\n    <td><strong> F 800 GS<\/strong><\/td>\n    <td> 300 <\/td>\n    <td> 150 <\/td>\n    <td> 288 <\/td>\n    <td> 424 <\/td>\n    <td> 540 <\/td>\n    <td> 646 <\/td>\n    <td> 738 <\/td>\n    <td> 820 <\/td>\n    <td> 117 <\/td>\n    <td> 0.40 <\/td>\n    <td> 30.00 <\/td>\n    <td> 2000 <\/td>\n  <\/tr>\n<tr>\n    <td><strong> F 800 GS (35kW)<\/strong><\/td>\n    <td> 300 <\/td>\n    <td> 150 <\/td>\n    <td> 288 <\/td>\n    <td> 424 <\/td>\n    <td> 540 <\/td>\n    <td> 646 <\/td>\n    <td> 738 <\/td>\n    <td> 820 <\/td>\n    <td> 117 <\/td>\n    <td> 0.40 <\/td>\n    <td> 30.00 <\/td>\n    <td> 2000 <\/td>\n  <\/tr>\n<tr>\n    <td><strong> F 800 GS (35kW Tief)<\/strong><\/td>\n    <td> 300 <\/td>\n    <td> 150 <\/td>\n    <td> 288 <\/td>\n    <td> 424 <\/td>\n    <td> 540 <\/td>\n    <td> 646 <\/td>\n    <td> 738 <\/td>\n    <td> 820 <\/td>\n    <td> 117 <\/td>\n    <td> 0.40 <\/td>\n    <td> 30.00 <\/td>\n    <td> 2000 <\/td>\n  <\/tr>\n  <tr>\n    <td><strong> G 310 GS<\/strong><\/td>\n    <td> 270 <\/td>\n    <td> 135 <\/td>\n    <td> 259 <\/td>\n    <td> 381 <\/td>\n    <td> 491 <\/td>\n    <td> 594 <\/td>\n    <td> 680 <\/td>\n    <td> 759 <\/td>\n    <td> 108 <\/td>\n    <td> 0.35 <\/td>\n    <td> 25.00 <\/td>\n    <td> 2000 <\/td>\n  <\/tr>\n<tr>\n    <td><strong> CE 04<\/strong><\/td>\n    <td> 260 <\/td>\n    <td> 130 <\/td>\n    <td> 247 <\/td>\n    <td> 366 <\/td>\n    <td> 479 <\/td>\n    <td> 579 <\/td>\n    <td> 663 <\/td>\n    <td> 737 <\/td>\n    <td> 105 <\/td>\n    <td> 0.40 <\/td>\n    <td> 25.00 <\/td>\n    <td> 2000 <\/td>\n  <\/tr>\n<tr>\n    <td><strong> CE 02<\/strong><\/td>\n    <td> 260 <\/td>\n    <td> 130 <\/td>\n    <td> 247 <\/td>\n    <td> 366 <\/td>\n    <td> 479 <\/td>\n    <td> 579 <\/td>\n    <td> 663 <\/td>\n    <td> 737 <\/td>\n    <td> 105 <\/td>\n    <td> 0.40 <\/td>\n    <td> 25.00 <\/td>\n    <td> 2000 <\/td>\n  <\/tr>\n <\/table>\n<table class=\"table table-striped\">\n <tr>\n    <td><strong><\/strong><\/td>\n    <td><strong>Weekend<\/td>\n    <td><strong> 1 Tag <\/strong><\/td>\n    <td><strong> 2 Tage <\/strong><\/td>\n    <td><strong> 3 Tage <\/strong><\/td>\n    <td><strong> 4 Tage <\/strong><\/td>\n    <td><strong> 5 Tage <\/strong><\/td>\n    <td><strong> 6 Tage <\/strong><\/td>\n    <td><strong> 7 Tage <\/strong><\/td>\n    <td><strong>8+ Tage <\/strong><\/td>\n    <td><strong>Mehr-km <\/strong><\/td>\n    <td><strong>Km-Paket <\/strong><\/td>\n    <td><strong>Depot <\/strong><\/td>\n  <\/tr>\n  <tr>\n    <td>&nbsp;<\/td>\n    <td>&nbsp;<\/td>\n    <td>&nbsp;<\/td>\n    <td>&nbsp;<\/td>\n    <td>&nbsp;<\/td>\n    <td>&nbsp;<\/td>\n    <td>&nbsp;<\/td>\n    <td>&nbsp;<\/td>\n    <td>&nbsp;<\/td>\n    <td>&nbsp;<\/td>\n    <td>&nbsp;<\/td>\n    <td>&nbsp;<\/td>\n    <td>&nbsp;<\/td>\n  <\/tr>\n  <tr>\n    <td><strong>1390 Super Duke R Evo<\/strong><\/td>\n    <td> 460 <\/td>\n    <td> 230 <\/td>\n    <td> 442 <\/td>\n    <td> 649 <\/td>\n    <td> 828 <\/td>\n    <td> 989 <\/td>\n    <td> 1132 <\/td>\n    <td> 11256 <\/td>\n    <td> 179 <\/td>\n    <td> 0.30 <\/td>\n    <td> 35.00 <\/td>\n    <td> 2000 <\/td>\n  <\/tr> \n <tr>\n    <td><strong>990 Duke<\/strong><\/td>\n    <td> 300 <\/td>\n    <td> 150 <\/td>\n    <td> 288 <\/td>\n    <td> 424 <\/td>\n    <td> 540 <\/td>\n    <td> 646 <\/td>\n    <td> 738 <\/td>\n    <td> 820 <\/td>\n    <td> 117 <\/td>\n    <td> 0.40 <\/td>\n    <td> 30.00 <\/td>\n    <td> 2000 <\/td>\n  <\/tr>\n <tr>\n    <td><strong>890 Duke (35kW)<\/strong><\/td>\n    <td> 300 <\/td>\n    <td> 150 <\/td>\n    <td> 288 <\/td>\n    <td> 424 <\/td>\n    <td> 540 <\/td>\n    <td> 646 <\/td>\n    <td> 738 <\/td>\n    <td> 820 <\/td>\n    <td> 117 <\/td>\n    <td> 0.40 <\/td>\n    <td> 30.00 <\/td>\n    <td> 2000 <\/td>\n  <\/tr>\n <tr>\n    <td><strong>790 Duke<\/strong><\/td>\n    <td> 300 <\/td>\n    <td> 150 <\/td>\n    <td> 288 <\/td>\n    <td> 424 <\/td>\n    <td> 540 <\/td>\n    <td> 646 <\/td>\n    <td> 738 <\/td>\n    <td> 820 <\/td>\n    <td> 117 <\/td>\n    <td> 0.40 <\/td>\n    <td> 30.00 <\/td>\n    <td> 2000 <\/td>\n  <\/tr>\n <tr>\n    <td><strong>790 Duke (35kW)<\/strong><\/td>\n    <td> 300 <\/td>\n    <td> 150 <\/td>\n    <td> 288 <\/td>\n    <td> 424 <\/td>\n    <td> 540 <\/td>\n    <td> 646 <\/td>\n    <td> 738 <\/td>\n    <td> 820 <\/td>\n    <td> 117 <\/td>\n    <td> 0.40 <\/td>\n    <td> 30.00 <\/td>\n    <td> 2000 <\/td>\n  <\/tr>\n   <tr>\n    <td><strong>390 Duke<\/strong><\/td>\n    <td> 270 <\/td>\n    <td> 135 <\/td>\n    <td> 259 <\/td>\n    <td> 381 <\/td>\n    <td> 491 <\/td>\n    <td> 594 <\/td>\n    <td> 680 <\/td>\n    <td> 759 <\/td>\n    <td> 108 <\/td>\n    <td> 0.35 <\/td>\n    <td> 25.00 <\/td>\n    <td> 2000 <\/td>\n  <\/tr>\n   <tr>\n    <td><strong>125 Duke<\/strong><\/td>\n    <td> 260 <\/td>\n    <td> 130 <\/td>\n    <td> 249 <\/td>\n    <td> 366 <\/td>\n    <td> 468 <\/td>\n    <td> 559 <\/td>\n    <td> 639 <\/td>\n    <td> 710 <\/td>\n    <td> 101 <\/td>\n    <td> 0.35 <\/td>\n    <td> 25.00 <\/td>\n    <td> 1000 <\/td>\n  <\/tr>\n  <tr>\n    <td><strong>1290 Super Duke GT<\/strong><\/td>\n    <td> 420 <\/td>\n    <td> 210 <\/td>\n    <td> 403 <\/td>\n    <td> 593 <\/td>\n    <td> 756 <\/td>\n    <td> 904 <\/td>\n    <td> 1033 <\/td>\n    <td> 11147 <\/td>\n    <td> 164 <\/td>\n    <td> 0.50 <\/td>\n    <td> 30.00 <\/td>\n    <td> 2000 <\/td>\n  <\/tr>\n  <tr>\n    <td><strong>1290 Super Adventure S<\/strong><\/td>\n    <td> 420 <\/td>\n    <td> 210 <\/td>\n    <td> 403 <\/td>\n    <td> 593 <\/td>\n    <td> 756 <\/td>\n    <td> 904 <\/td>\n    <td> 1033 <\/td>\n    <td> 11147 <\/td>\n    <td> 164 <\/td>\n    <td> 0.50 <\/td>\n    <td> 30.00 <\/td>\n    <td> 2000 <\/td>\n  <\/tr>\n   <tr>\n    <td><strong>890 SMT<\/strong><\/td>\n    <td> 300 <\/td>\n    <td> 150 <\/td>\n    <td> 288 <\/td>\n    <td> 424 <\/td>\n    <td> 540 <\/td>\n    <td> 646 <\/td>\n    <td> 738 <\/td>\n    <td> 820 <\/td>\n    <td> 117 <\/td>\n    <td> 0.40 <\/td>\n    <td> 30.00 <\/td>\n    <td> 2000 <\/td>\n  <\/tr> \n <tr>\n    <td><strong>890 Adventure R<\/strong><\/td>\n    <td> 300 <\/td>\n    <td> 150 <\/td>\n    <td> 288 <\/td>\n    <td> 424 <\/td>\n    <td> 540 <\/td>\n    <td> 646 <\/td>\n    <td> 738 <\/td>\n    <td> 820 <\/td>\n    <td> 117 <\/td>\n    <td> 0.40 <\/td>\n    <td> 30.00 <\/td>\n    <td> 2000 <\/td>\n  <\/tr>\n <tr>\n    <td><strong>890 Adventure (35kW)<\/strong><\/td>\n    <td> 300 <\/td>\n    <td> 150 <\/td>\n    <td> 288 <\/td>\n    <td> 424 <\/td>\n    <td> 540 <\/td>\n    <td> 646 <\/td>\n    <td> 738 <\/td>\n    <td> 820 <\/td>\n    <td> 117 <\/td>\n    <td> 0.40 <\/td>\n    <td> 30.00 <\/td>\n    <td> 2000 <\/td>\n  <\/tr>\n  <tr>\n    <td><strong>790 Adventure<\/strong><\/td>\n    <td> 300 <\/td>\n    <td> 150 <\/td>\n    <td> 288 <\/td>\n    <td> 424 <\/td>\n    <td> 540 <\/td>\n    <td> 646 <\/td>\n    <td> 738 <\/td>\n    <td> 820 <\/td>\n    <td> 117 <\/td>\n    <td> 0.40 <\/td>\n    <td> 30.00 <\/td>\n    <td> 2000 <\/td>\n  <\/tr>\n  <tr>\n    <td><strong>790 Adventure L (35kW)<\/strong><\/td>\n    <td> 300 <\/td>\n    <td> 150 <\/td>\n    <td> 288 <\/td>\n    <td> 424 <\/td>\n    <td> 540 <\/td>\n    <td> 646 <\/td>\n    <td> 738 <\/td>\n    <td> 820 <\/td>\n    <td> 117 <\/td>\n    <td> 0.40 <\/td>\n    <td> 30.00 <\/td>\n    <td> 2000 <\/td>\n  <\/tr>\n  <tr>\n    <td><strong>690 SMC R (35 kW)<\/strong><\/td>\n    <td> 300 <\/td>\n    <td> 150 <\/td>\n    <td> 288 <\/td>\n    <td> 424 <\/td>\n    <td> 540 <\/td>\n    <td> 646 <\/td>\n    <td> 738 <\/td>\n    <td> 820 <\/td>\n    <td> 117 <\/td>\n    <td> 0.40 <\/td>\n    <td> 30.00 <\/td>\n    <td> 2000 <\/td>\n  <\/tr>\n\n <\/table>\n<table class=\"table\">\n  <tr>\n    <td  valign=\"top\">Mietkosten <\/td>\n    <td valign=\"top\">Alle Preise in CHF. Pro Tag sind 200 Km inbegriffen. Mehrkilometer gem\u00e4ss Liste. <\/td>\n  <\/tr>\n  <tr>\n    <td  valign=\"top\">Km-Paket<\/td>\n    <td valign=\"top\">Mehrkilometer zum Spezialpreis, pro Paket 100 Km, kann nur bei Mietbeginn gekauft werden, keine R\u00fcckverg\u00fctung von unben\u00fctzten Km <\/td>\n  <\/tr>\n  <tr>\n    <td  valign=\"top\">Selbstbehalt<\/td>\n    <td valign=\"top\">Haftpflicht CHF\n      1000.-, Vollkasko bis 125 ccm CHF 1000.- ab 125 ccm\n      CHF 2000.-, gegen Zusatzgeb\u00fchr von CHF 15.--\/Tag\n      Reduktion auf CHF 500.-\/1000.- <\/td>\n  <\/tr>\n  <tr>\n    <td  valign=\"top\">Bonus-Package<\/td>\n    <td valign=\"top\">Unbeschr\u00e4nkte Kilometer, Seitenkoffer\n      (nicht f\u00fcr alle Modelle verf\u00fcgbar,\n      Hartschalen oder Satteltaschen), Zuschlag von 30% der Standardmiete,\n      Mindestdauer 8 Tage <\/td>\n  <\/tr>\n  <tr>\n    <td  valign=\"top\">Annullation<\/td>\n    <td valign=\"top\">Annullation mehr als 60 Tage vor\n      Mietbeginn CHF 100.-, zwischen 60 und 30 Tagen CHF\n      250.-, weniger als 30 Tage vor Mietbeginn CHF\n      500.-<\/td>\n  <\/tr>\n<\/table>\n\t\t<\/div>\n<\/div>\n\n\t\t\t<\/div>\n\t\t<\/section>\n\t\t\n","protected":false},"excerpt":{"rendered":"<p>Weekend 1 Tag 2 Tage 3 Tage 4 Tage 5 Tage 6 Tage 7 Tage 8+ Tage Mehr-km Km-Paket Depot &nbsp; &nbsp; &nbsp; &nbsp; &nbsp; &nbsp; &nbsp; &nbsp; &nbsp; &nbsp; &nbsp; &nbsp; &nbsp; S 1000 RR 480 240 461 677 864 1032 1181 1310 187 0.60 35.00 2000 M 1000 R 480 240 461 677 [&hellip;]<\/p>\n","protected":false},"author":3,"featured_media":0,"parent":0,"menu_order":2,"comment_status":"closed","ping_status":"closed","template":"","meta":{"footnotes":""},"class_list":["post-198","page","type-page","status-publish","hentry"],"lang":"de","translations":{"de":198,"en":672},"pll_sync_post":[],"_links":{"self":[{"href":"https:\/\/moto-center.ch\/rentals\/wp-json\/wp\/v2\/pages\/198","targetHints":{"allow":["GET"]}}],"collection":[{"href":"https:\/\/moto-center.ch\/rentals\/wp-json\/wp\/v2\/pages"}],"about":[{"href":"https:\/\/moto-center.ch\/rentals\/wp-json\/wp\/v2\/types\/page"}],"author":[{"embeddable":true,"href":"https:\/\/moto-center.ch\/rentals\/wp-json\/wp\/v2\/users\/3"}],"replies":[{"embeddable":true,"href":"https:\/\/moto-center.ch\/rentals\/wp-json\/wp\/v2\/comments?post=198"}],"version-history":[{"count":5,"href":"https:\/\/moto-center.ch\/rentals\/wp-json\/wp\/v2\/pages\/198\/revisions"}],"predecessor-version":[{"id":16312,"href":"https:\/\/moto-center.ch\/rentals\/wp-json\/wp\/v2\/pages\/198\/revisions\/16312"}],"wp:attachment":[{"href":"https:\/\/moto-center.ch\/rentals\/wp-json\/wp\/v2\/media?parent=198"}],"curies":[{"name":"wp","href":"https:\/\/api.w.org\/{rel}","templated":true}]}}