{"id":128,"date":"2016-03-23T11:38:57","date_gmt":"2016-03-23T10:38:57","guid":{"rendered":"http:\/\/moto-center.ch\/rentals\/?page_id=128"},"modified":"2021-12-13T14:44:39","modified_gmt":"2021-12-13T13:44:39","slug":"rent-a-bmw-simply-ride-a-bmw-motorcycle","status":"publish","type":"page","link":"https:\/\/moto-center.ch\/rentals\/de\/rent-a-bmw-simply-ride-a-bmw-motorcycle\/","title":{"rendered":"RENT A BMW &#8211; SIMPLY RIDE A BMW MOTORCYCLE"},"content":{"rendered":"<p>\n\t<section style=\" background-image:url(https:\/\/moto-center.ch\/rentals\/wp-content\/uploads\/sites\/5\/2021\/12\/MySwitzerland_GTOS_52086_20001400_Web-1600x899.jpg) !important; padding-top:300px;  padding-bottom:300px; \" class=\"fw-main-row  bg_positioned bg_fixed container-fluid autogen\">\n\t\t<div>\n\t\t  \t\t<\/div>\n\t\t\t<\/section>\n\n\n\t<section style=\" padding-top:15px;  padding-bottom:15px; \" class=\"fw-main-row bg-bg_body container autogen\">\n\t\t<div>\n\t\t  <div class=\"fw-row\">\n\t\n<div class=\"col-xs-12 txt-autogen\">\n\t\t\t<div class=\" txt-autogen no_bg\"><h1>Willkommen in der wundersch\u00f6nen Schweiz<\/h1><p>M\u00f6chtest du ein Motorrad f\u00fcr deine Ferien oder ein Wochenende mieten? Dann bist du bei uns genau richtig. Wir haben \u00fcber 30 Motorr\u00e4der von BMW und KTM im Sortiment. Alle Motorr\u00e4der sind topaktuell und in perfektem Zustand. Wir stehen f\u00fcr die Qualit\u00e4t der Motorr\u00e4der und offerieren zudem ein grosses Zubeh\u00f6r- und Bekleidungssortiment. Sei es Navi, Seitenkoffer oder ein neuer Helm wir haben genau das, was du suchst.<\/p><\/div>\t\t<\/div>\n<\/div>\n\n<div class=\"fw-row\">\n\t\n<div class=\"col-xs-12 col-sm-8 col-md-8 txt-autogen\">\n\t\t\t<div class=\" txt-autogen no_bg\"><p><strong>Unsere Vorteile auf einen Blick<\/strong><\/p><ul><li>Top aktuelle Motorr\u00e4der von BMW und KTM<\/li><li>Regelm\u00e4ssige Wartung und Service<\/li><li>Attraktive Pakete mit unlimitierten Kilometern, reduziertem Selbstbehalt und Seitenkoffer inklusive<\/li><li>Viel Zubeh\u00f6r wie Tankrucksack, GPS etc.<\/li><li>Selbstbehalt auf CHF 1000.- reduzierbar<\/li><li>Die gr\u00f6sste Bekleidungsauswahl der Schweiz<\/li><li>gratis Gep\u00e4ckaufbewahrungen<\/li><li>Hotel\u00fcbernachtung und Shuttle falls gew\u00fcnscht (nicht inklusive)<\/li><\/ul><p><strong>DEINE VORTEILE ALS MITGLIED EINES BMW CLUBS<br \/><\/strong><\/p><ul><li>15% Rabatt auf Kleidung, Helme, Handschuhe und Stiefel<\/li><li>10% Rabatt auf Zubeh\u00f6r wie GPS, Kommunikationsger\u00e4te usw.<\/li><li>kostenloses BMW Navigator 6 bei jeder Miete (Wert CHF 10\/Tag)<\/li><li>kostenloser 1. Service beim Kauf eines neuen Motorrads<\/li><li>Gruppenrabatt bereits ab 5 Personen<\/li><\/ul><\/div><div class=\" txt-autogen no_bg\"><p>Wir freuen uns, dich bald in unserem Gesch\u00e4ft und in der sch\u00f6nen Schweiz begr\u00fcssen zu d\u00fcrfen.<\/p><p><img decoding=\"async\" class=\"alignnone size-medium wp-image-10195\" src=\"https:\/\/moto-center.ch\/rentals\/wp-content\/uploads\/sites\/5\/2021\/12\/Bruno-300x151.png\" alt=\"\" width=\"300\" height=\"151\" srcset=\"https:\/\/moto-center.ch\/rentals\/wp-content\/uploads\/sites\/5\/2021\/12\/Bruno-300x151.png 300w, https:\/\/moto-center.ch\/rentals\/wp-content\/uploads\/sites\/5\/2021\/12\/Bruno-1024x518.png 1024w, https:\/\/moto-center.ch\/rentals\/wp-content\/uploads\/sites\/5\/2021\/12\/Bruno.png 654w, https:\/\/moto-center.ch\/rentals\/wp-content\/uploads\/sites\/5\/2021\/12\/Bruno-1536x777.png 1536w, https:\/\/moto-center.ch\/rentals\/wp-content\/uploads\/sites\/5\/2021\/12\/Bruno-2048x1036.png 2048w, https:\/\/moto-center.ch\/rentals\/wp-content\/uploads\/sites\/5\/2021\/12\/Bruno-1600x809.png 1600w, https:\/\/moto-center.ch\/rentals\/wp-content\/uploads\/sites\/5\/2021\/12\/Bruno-1200x607.png 1200w, https:\/\/moto-center.ch\/rentals\/wp-content\/uploads\/sites\/5\/2021\/12\/Bruno-800x404.png 800w, https:\/\/moto-center.ch\/rentals\/wp-content\/uploads\/sites\/5\/2021\/12\/Bruno-400x202.png 400w, https:\/\/moto-center.ch\/rentals\/wp-content\/uploads\/sites\/5\/2021\/12\/Bruno-600x303.png 600w\" sizes=\"(max-width: 300px) 100vw, 300px\" \/>&amp; Team<\/p><\/div>\t\t<\/div>\n\n<div class=\"col-xs-12 col-sm-4 col-md-4 txt-autogen\">\n\t\t\t<div class=\"img_effects\">\n\t<figure class=\"\" style=\"cursor:default;\">\n\t\t<img decoding=\"async\" class=\"img-responsive\" src=\"https:\/\/moto-center.ch\/rentals\/wp-content\/uploads\/sites\/5\/2021\/12\/BMW_Clubs_Worldwide_2022-400x567.jpg\">\n\t\t\t\t\t<figcaption class=\"text-left\">\n\t\t\t\t\t\t\t\t\t\t\t\t<a class=\"main-btn\" href=\"https:\/\/moto-center.ch\/wp-content\/uploads\/sites\/5\/2021\/12\/BMW_Clubs_Worldwide.pdf\"\n\t\t\t\t\ttarget=\"_blank\"><\/a>\t\t\t<\/figcaption>\n\t\t\t<\/figure>\n<\/div>\t\t<\/div>\n<\/div>\n\n\t\t<\/div>\n\t\t\t<\/section>\n\n<\/p>\n","protected":false},"excerpt":{"rendered":"<p>Willkommen in der wundersch\u00f6nen SchweizM\u00f6chtest du ein Motorrad f\u00fcr deine Ferien oder ein Wochenende mieten? Dann bist du bei uns genau richtig. Wir haben \u00fcber 30 Motorr\u00e4der von BMW und KTM im Sortiment. Alle Motorr\u00e4der sind topaktuell und in perfektem Zustand. Wir stehen f\u00fcr die Qualit\u00e4t der Motorr\u00e4der und offerieren zudem ein grosses Zubeh\u00f6r- und [&hellip;]<\/p>\n","protected":false},"author":3,"featured_media":0,"parent":0,"menu_order":10,"comment_status":"closed","ping_status":"closed","template":"","meta":{"footnotes":""},"class_list":["post-128","page","type-page","status-publish","hentry"],"lang":"de","translations":{"de":128,"en":10204},"pll_sync_post":[],"_links":{"self":[{"href":"https:\/\/moto-center.ch\/rentals\/wp-json\/wp\/v2\/pages\/128","targetHints":{"allow":["GET"]}}],"collection":[{"href":"https:\/\/moto-center.ch\/rentals\/wp-json\/wp\/v2\/pages"}],"about":[{"href":"https:\/\/moto-center.ch\/rentals\/wp-json\/wp\/v2\/types\/page"}],"author":[{"embeddable":true,"href":"https:\/\/moto-center.ch\/rentals\/wp-json\/wp\/v2\/users\/3"}],"replies":[{"embeddable":true,"href":"https:\/\/moto-center.ch\/rentals\/wp-json\/wp\/v2\/comments?post=128"}],"version-history":[{"count":4,"href":"https:\/\/moto-center.ch\/rentals\/wp-json\/wp\/v2\/pages\/128\/revisions"}],"predecessor-version":[{"id":10213,"href":"https:\/\/moto-center.ch\/rentals\/wp-json\/wp\/v2\/pages\/128\/revisions\/10213"}],"wp:attachment":[{"href":"https:\/\/moto-center.ch\/rentals\/wp-json\/wp\/v2\/media?parent=128"}],"curies":[{"name":"wp","href":"https:\/\/api.w.org\/{rel}","templated":true}]}}