{"id":79,"date":"2021-01-07T10:34:21","date_gmt":"2021-01-07T10:34:21","guid":{"rendered":"http:\/\/moto-center.ch\/velo-center-thun\/?page_id=79"},"modified":"2023-01-25T08:02:25","modified_gmt":"2023-01-25T07:02:25","slug":"kontakt","status":"publish","type":"page","link":"https:\/\/moto-center.ch\/ebikes\/ueber-uns\/kontakt\/","title":{"rendered":"KONTAKT"},"content":{"rendered":"<p>\n\t<section style=\" padding-top:155px;  padding-bottom:15px; \" class=\"fw-main-row bg-bg_body container-fluid autogen\">\n\t\t<div class=\" container\">\n\t\t  <div class=\"fw-row\">\n\t\n<div class=\"col-xs-12 col-sm-6 col-md-6 txt-autogen\">\n\t\t\t<div class=\"fw-heading fw-heading-h2\">\n\t\t<h2 class='no'>Unsere Adresse<\/h2>\t<\/div><div class=\" txt-autogen no_bg\"><p>Moto-Center Thun<br \/>Bernstrasse 117<br \/>3613 Steffisburg<\/p><\/div><a href=\"https:\/\/www.google.ch\/maps\/place\/Moto-Center+Thun\/@46.7755617,7.6123553,17z\/data=!3m1!4b1!4m5!3m4!1s0x478fb32e1b6d2eeb:0x434fb17af3e4f0fb!8m2!3d46.775558!4d7.614544?hl=de\" target=\"_blank\" style=\" min-width: 50%;font-size:20px;\"\t\tclass=\"btn btn-sm btn-transition txt-lighter  txt-hover-primary btn-bg-primary btn-border-primary btn-bg-hover-lighter btn-border-hover-primary  none\">\n\t<span>Route mit Google Maps<\/span>\n<\/a>\n  \t  <div class=\"fw-divider-space\" style=\"padding-top: 50px;\"><\/div>\n\t\t\t<\/div>\n\n<div class=\"col-xs-12 col-sm-6 col-md-6 txt-autogen\">\n\t\t\t<div class=\"fw-heading fw-heading-h2\">\n\t\t<h2 class='no'>FAX<\/h2>\t<\/div><div class=\"fw-table\">\n\t<table class=\"table\">\n\t\t\t\t\t\t\t\t\t<tr class=\"default-row\">\n\t\t\t\t\t\t\t\t\t\t\t<td class=\"desc-col\">\n\t\t\t\t\t\t\tVeloverkauf\t\t\t\t\t\t<\/td>\n\t\t\t\t\t\t\t\t\t\t\t<td class=\"default-col\">\n\t\t\t\t\t\t\t033 439 59 66 \t\t\t\t\t\t<\/td>\n\t\t\t\t\t\t\t\t\t<\/tr>\n\t\t\t\t\t\t\t\t\t\t\t\t<tr class=\"default-row\">\n\t\t\t\t\t\t\t\t\t\t\t<td class=\"desc-col\">\n\t\t\t\t\t\t\tWerkstatt\t\t\t\t\t\t<\/td>\n\t\t\t\t\t\t\t\t\t\t\t<td class=\"default-col\">\n\t\t\t\t\t\t\t033 439 59 60 \t\t\t\t\t\t<\/td>\n\t\t\t\t\t\t\t\t\t<\/tr>\n\t\t\t\t\t\t<\/table>\n<\/div>\t\t<\/div>\n<\/div>\n\n<div class=\"fw-row\">\n\t\n<div class=\"col-xs-12 txt-autogen\">\n\t\t\t<div class=\"fw-heading fw-heading-h2\">\n\t\t<h2 class='no'>Impressum & Datenschutz<\/h2>\t<\/div><a href=\"https:\/\/moto-center.ch\/ebikes\/ueber-uns\/impressum\/\" target=\"_self\" style=\" min-width: 25%;font-size:20px;\"\t\tclass=\"btn btn-sm btn-transition txt-lighter  txt-hover-primary btn-bg-primary btn-border-lighter btn-bg-hover-primary btn-border-hover-primary  none\">\n\t<span>Impressum & Datenschutz<\/span>\n<\/a>\n  \t  <div class=\"fw-divider-space\" style=\"padding-top: 50px;\"><\/div>\n\t\t\t<\/div>\n<\/div>\n\n\t\t<\/div>\n\t\t\t<\/section>\n\n\n\t<section style=\" padding-top:15px;  padding-bottom:15px; \" class=\"fw-main-row bg-primary-5 container-fluid autogen\">\n\t\t<div class=\" container\">\n\t\t  <div class=\"fw-row\">\n\t\n<div class=\"col-xs-12 txt-autogen\">\n\t\t\t\n  \t  <div class=\"fw-divider-space\" style=\"padding-top: 20px;\"><\/div>\n\t\t\t<\/div>\n<\/div>\n\n<div class=\"fw-row\">\n\t\n<div class=\"col-xs-12 txt-autogen\">\n\t\t\t<div class=\" txt-autogen no_bg\"><h2>Kontaktformular<\/h2><p>Du hast Anmerkungen oder m\u00f6chtest mehr \u00fcber unsere Husqvarna Bicycles erfahren? Dann tritt \u00fcber das nachstehende Formular mit uns in Kontakt. Wir freuen uns auf dein Nachricht!<\/p><\/div>\t\t<\/div>\n<\/div>\n\n<div class=\"fw-row\">\n\t\n<div class=\"col-xs-12 txt-autogen\">\n\t\t\t<form data-fw-form-id=\"fw_form\" method=\"post\" action=\"https:\/\/moto-center.ch\/ebikes\/wp-json\/wp\/v2\/pages\/79\" class=\"fw_form_fw_form\" data-fw-ext-forms-type=\"contact-forms\"  ><input type=\"hidden\" name=\"fwf\" value=\"fw_form\" \/><input type=\"hidden\" id=\"_nonce_5c28fa55290f3dbd08a987ec30da55c9\" name=\"_nonce_5c28fa55290f3dbd08a987ec30da55c9\" value=\"30ba089d0c\" \/><input type=\"hidden\" name=\"_wp_http_referer\" value=\"\/ebikes\/wp-json\/wp\/v2\/pages\/79\" \/><input type=\"hidden\" name=\"fw_ext_forms_form_type\" value=\"contact-forms\" \/><input type=\"hidden\" name=\"fw_ext_forms_form_id\" value=\"d04feafecc856f1d0f0348561c1ac78e\" \/>\n\t<div class=\"fw-row\"><\/div><div class=\"fw-row\">\t<div class=\"col-xs-12 col-sm-6 col-md-6 form-builder-item\">\n\t\t<label>Anrede\t\t\t<sup>*<\/sup>\t\t<\/label>\n\t\t<div class=\"radio\">\n\t\t\t\t\t\t\t\t\t\t\t\t<label class=\"radio-inline\" for=\"rand-1\">\n\t\t\t\t\t  <input type=\"radio\" name=\"radio_bc20d19\" value=\"Herr\" id=\"rand-1\"  \/>\n\t\t\t\t\t  Herr\t\t\t\t\t<\/label>\n\t\t\t\t\t\t\t\t\t\t\t\t<label class=\"radio-inline\" for=\"rand-2\">\n\t\t\t\t\t  <input type=\"radio\" name=\"radio_bc20d19\" value=\"Frau\" id=\"rand-2\"  \/>\n\t\t\t\t\t  Frau\t\t\t\t\t<\/label>\n\t\t\t\t\t\t\t\t\t\t\t\t<label class=\"radio-inline\" for=\"rand-3\">\n\t\t\t\t\t  <input type=\"radio\" name=\"radio_bc20d19\" value=\"Firma\" id=\"rand-3\"  \/>\n\t\t\t\t\t  Firma\t\t\t\t\t<\/label>\n\t\t\t\t\t<\/div>\n\t\t\t<\/div>\n<div class=\"form-group col-xs-12 col-sm-6 col-md-6 form-builder-item\">\n\t\t<label for=\"id-4\">Firma\t\t\t\t<\/label>\n\t\t<input class=\"form-control\" type=\"text\" name=\"text_b6f1e78\" placeholder=\"\" value=\"\" id=\"id-4\" >\n\t\t<\/div><\/div><div class=\"fw-row\"><div class=\"form-group col-xs-12 col-sm-6 col-md-6 form-builder-item\">\n\t\t<label for=\"id-5\">Vorname\t\t<sup>*<\/sup>\t\t<\/label>\n\t\t<input class=\"form-control\" type=\"text\" name=\"text_0c3c447\" placeholder=\"\" value=\"\" id=\"id-5\" required=\"required\" >\n\t\t<\/div><div class=\"form-group col-xs-12 col-sm-6 col-md-6 form-builder-item\">\n\t\t<label for=\"id-6\">Nachname\t\t<sup>*<\/sup>\t\t<\/label>\n\t\t<input class=\"form-control\" type=\"text\" name=\"text_0eae96f\" placeholder=\"\" value=\"\" id=\"id-6\" required=\"required\" >\n\t\t<\/div><\/div><div class=\"fw-row\"><div class=\"form-group col-xs-12 col-sm-6 col-md-6 form-builder-item\">\n\t\t<label for=\"id-7\">Adresse\t\t<sup>*<\/sup>\t\t<\/label>\n\t\t<input class=\"form-control\" type=\"text\" name=\"text_589f851\" placeholder=\"\" value=\"\" id=\"id-7\" required=\"required\" >\n\t\t<\/div><div class=\"form-group col-xs-12 col-sm-4 col-md-2 form-builder-item\">\n\t\t<label for=\"id-8\">PLZ\t\t<sup>*<\/sup>\t\t<\/label>\n\t\t<input class=\"form-control\" type=\"text\" name=\"text_a6fd19d\" placeholder=\"\" value=\"\" id=\"id-8\" required=\"required\" >\n\t\t<\/div><div class=\"form-group col-xs-12 col-sm-4 col-md-4 form-builder-item\">\n\t\t<label for=\"id-9\">Ort\t\t<sup>*<\/sup>\t\t<\/label>\n\t\t<input class=\"form-control\" type=\"text\" name=\"text_c7cf352\" placeholder=\"\" value=\"\" id=\"id-9\" required=\"required\" >\n\t\t<\/div><\/div><div class=\"fw-row\"><div class=\"form-group col-xs-12 col-sm-4 col-md-4 form-builder-item\">\n\t\t<label for=\"id-10\">Mobile\t\t<sup>*<\/sup>\t\t<\/label>\n\t\t<input class=\"form-control\" type=\"text\" name=\"text_65ba0b7\" placeholder=\"079 123 45 67\" value=\"\" id=\"id-10\" required=\"required\" >\n\t\t<\/div><div class=\"form-group col-xs-12 col-sm-4 col-md-4 form-builder-item\">\n\t\t<label for=\"id-11\">Email\t\t<sup>*<\/sup>\t\t<\/label>\n\t\t<input class=\"form-control\" type=\"text\" name=\"email_69f27ee\" placeholder=\"\" value=\"\" id=\"id-11\" required=\"required\" >\n\t\t<\/div><div class=\"form-group col-xs-12 col-sm-4 col-md-4 form-builder-item\">\n\t\t<label for=\"id-12\">Geb. Datum\t\t\t\t<\/label>\n\t\t<input class=\"form-control\" type=\"text\" name=\"text_17b01e4\" placeholder=\"01.01.2021\" value=\"\" id=\"id-12\" >\n\t\t<\/div><\/div><div class=\"fw-row\"><div class=\"form-group col-xs-12 form-builder-item\">\n\t\t<label for=\"id-13\">Nachricht\t\t<sup>*<\/sup>\t\t<\/label>\n\t\t<textarea class=\"form-control\" name=\"textarea_ad16026\" placeholder=\"\" id=\"id-13\" required=\"required\" ><\/textarea>\n\t\t<\/div><\/div><div class=\"fw-row\">\t<div class=\"col-xs-12 form-builder-item\">\n\t\t<label>Einverst\u00e4ndniserkl\u00e4rung f\u00fcr Datenschutz und Marketingmassnahmen\t\t\t<sup>*<\/sup>\t\t<\/label>\n\t\t<div class=\"radio\">\n\t\t\t\t\t\t\t\t\t\t\t\t<label class=\"radio\" for=\"rand-14\">\n\t\t\t\t\t  <input type=\"radio\" name=\"radio_3113c7c\" value=\"Ja, ich erkl\u00e4re mich mit den &lt;a href=&quot;http:\/\/ebikes.moto-center.ch\/ueber-uns\/impressum&quot; target=&quot;_blank&quot;&gt;Datenschutz- und Marketingbestimmungen&lt;\/a&gt; einverstanden.\" id=\"rand-14\"  \/>\n\t\t\t\t\t  Ja, ich erkl\u00e4re mich mit den <a href=\"http:\/\/ebikes.moto-center.ch\/ueber-uns\/impressum\" target=\"_blank\">Datenschutz- und Marketingbestimmungen<\/a> einverstanden.\t\t\t\t\t<\/label>\n\t\t\t\t\t<\/div>\n\t\t\t<\/div>\n<\/div><div class=\"fw-row\"><div class=\"col-xs-12 col-sm-6 col-md-6 form-builder-item\">\n\t<div class=\"field-recaptcha\">\n\t\t<input type=\"hidden\" class=\"recaptcha-val\" name=\"token\">\n\t\t<div class=\"form-builder-item-recaptcha-v3\" ><\/div>\n\t<\/div>\n<\/div><\/div><div class=\"row\">\n\t<div class=\"col-xs-12\">\n\t\t<button type=\"submit\" class=\"btn btn-lg btn-primary\">Absenden<\/button>\n\t<\/div>\n<\/div><\/form>\t\t<\/div>\n<\/div>\n\n\t\t<\/div>\n\t\t\t<\/section>\n\n\n\t<section style=\" padding-top:0px;  padding-bottom:0px; \" class=\"fw-main-row bg-bg_body container-fluid autogen\">\n\t\t<div>\n\t\t  <div class=\"fw-row\">\n\t\n<div class=\"col-xs-12 txt-autogen\">\n\t\t\t<script type=\"text\/javascript\">\n\tvar templateUrl = '\/\/ebikes.moto-center.ch\/wp-content\/uploads\/sites\/7\/2021\/01\/Logo_MCT.png';\n<\/script>\n<div class=\"fw-map\" data-locations=\"[{&quot;title&quot;:&quot;Velo-Center Thun&quot;,&quot;url&quot;:&quot;https:\\\/\\\/moto-center.ch\\\/ebikes&quot;,&quot;thumb&quot;:&quot;\\\/\\\/ebikes.moto-center.ch\\\/wp-content\\\/uploads\\\/sites\\\/7\\\/2021\\\/01\\\/Logo_MCT.png&quot;,&quot;coordinates&quot;:{&quot;lat&quot;:46.77555559999999701403794460929930210113525390625,&quot;lng&quot;:7.6150000000000002131628207280300557613372802734375},&quot;description&quot;:&quot;Dein Husqvarna Partner im Berner Oberland&quot;}]\" data-map-type=\"ROADMAP\" data-map-height=\"600\" data-gmap-key=\"AIzaSyDefyn2OGt90ln8VZvNx3r7NDjHy3lvHlI\" >\n\t<div id=\"gmap\" class=\"fw-map-canvas\"><\/div>\n<\/div>\t\t<\/div>\n<\/div>\n\n\t\t<\/div>\n\t\t\t<\/section>\n\n<\/p>\n","protected":false},"excerpt":{"rendered":"<p>Unsere Adresse Moto-Center ThunBernstrasse 1173613 Steffisburg Route mit Google Maps FAX Veloverkauf 033 439 59 66 Werkstatt 033 439 59 60 Impressum &#038; Datenschutz Impressum &#038; Datenschutz KontaktformularDu hast Anmerkungen oder m\u00f6chtest mehr \u00fcber unsere Husqvarna Bicycles erfahren? Dann tritt \u00fcber das nachstehende Formular mit uns in Kontakt. Wir freuen uns auf dein Nachricht! Anrede [&hellip;]<\/p>\n","protected":false},"author":3,"featured_media":0,"parent":77,"menu_order":1,"comment_status":"closed","ping_status":"closed","template":"","meta":{"footnotes":""},"class_list":["post-79","page","type-page","status-publish","hentry"],"_links":{"self":[{"href":"https:\/\/moto-center.ch\/ebikes\/wp-json\/wp\/v2\/pages\/79","targetHints":{"allow":["GET"]}}],"collection":[{"href":"https:\/\/moto-center.ch\/ebikes\/wp-json\/wp\/v2\/pages"}],"about":[{"href":"https:\/\/moto-center.ch\/ebikes\/wp-json\/wp\/v2\/types\/page"}],"author":[{"embeddable":true,"href":"https:\/\/moto-center.ch\/ebikes\/wp-json\/wp\/v2\/users\/3"}],"replies":[{"embeddable":true,"href":"https:\/\/moto-center.ch\/ebikes\/wp-json\/wp\/v2\/comments?post=79"}],"version-history":[{"count":5,"href":"https:\/\/moto-center.ch\/ebikes\/wp-json\/wp\/v2\/pages\/79\/revisions"}],"predecessor-version":[{"id":806,"href":"https:\/\/moto-center.ch\/ebikes\/wp-json\/wp\/v2\/pages\/79\/revisions\/806"}],"up":[{"embeddable":true,"href":"https:\/\/moto-center.ch\/ebikes\/wp-json\/wp\/v2\/pages\/77"}],"wp:attachment":[{"href":"https:\/\/moto-center.ch\/ebikes\/wp-json\/wp\/v2\/media?parent=79"}],"curies":[{"name":"wp","href":"https:\/\/api.w.org\/{rel}","templated":true}]}}