{"id":73,"date":"2021-01-07T10:32:26","date_gmt":"2021-01-07T10:32:26","guid":{"rendered":"http:\/\/moto-center.ch\/velo-center-thun\/?page_id=73"},"modified":"2022-12-15T11:11:15","modified_gmt":"2022-12-15T10:11:15","slug":"bekleidung","status":"publish","type":"page","link":"https:\/\/moto-center.ch\/ebikes\/bekleidung\/","title":{"rendered":"BEKLEIDUNG"},"content":{"rendered":"<p>\n\t<section style=\" background-image:url(https:\/\/moto-center.ch\/ebikes\/wp-content\/uploads\/sites\/7\/2021\/01\/2021_clothes_husqvarna-bicycles-1600x1066.jpg) !important; padding-top:15px;  padding-bottom:15px; \" class=\"fw-main-row  bg_positioned container-fluid autogen parallax_fh\">\n\t\t<div class=\" container\">\n\t\t  <div class=\"fw-row\">\n\t\n<div class=\"col-xs-12 txt-autogen\">\n\t\t\t<div class=\"fw-heading fw-heading-h1 text-center\">\n\t\t<h1 class='inner bg_gray_lighter txt_gray_darker'>HUSQVARNA BICYCLES BEKLEIDUNG<\/h1>\t<\/div>\t\t<\/div>\n<\/div>\n\n<div class=\"fw-row\">\n\t\n<div class=\"col-xs-12 txt-autogen\">\n\t\t\t<div class=\"fw-heading fw-heading-h3 text-center\">\n\t\t<h3 class='inner bg_gray_lighter txt_gray_darker'>Inspiriert von unserer skandianvischen Herkunft, gemacht f\u00fcr dich.<\/h3>\t<\/div>\t\t<\/div>\n<\/div>\n\n\t\t<\/div>\n\t\t\t<\/section>\n\n\n\t<section style=\" padding-top:15px;  padding-bottom:15px; \" class=\"fw-main-row bg-bg_body container autogen\">\n\t\t<div>\n\t\t  <div class=\"fw-row\">\n\t\n<div class=\"col-xs-12 col-sm-4 col-md-4 txt-autogen\">\n\t\t\t<div class=\"img_effects\">\n\t<figure class=\"\" style=\"cursor:default;\">\n\t\t<img decoding=\"async\" class=\"img-responsive\" src=\"https:\/\/moto-center.ch\/ebikes\/wp-content\/uploads\/sites\/7\/2021\/01\/explore-clothes_husqvarna-bicycles-400x266.jpg\">\n\t\t\t\t\t<figcaption class=\"text-left\">\n\t\t\t\t\t\t\t\t\t\t\t\t\t\t\t<\/figcaption>\n\t\t\t<\/figure>\n<\/div><div class=\" txt-autogen no_bg\"><h2>Allroad<\/h2><p>Wenn dich der Pioniergeist dazu verleitet, auf die Suche nach neuen Erfahrungen zu gehen, passt die Allroad Bekleidungslinie perfekt zu deinem abenteuerlustigen Lebensstil. Egal, ob du dir deinen Weg durch dichte W\u00e4lder bahnst, wanderst oder einfach nur die Gegend erkundest: Die innovative Funktionalit\u00e4t dieser Kollektion wurde entwickelt, um allem zu widerstehen, was Mutter Natur zu bieten hat.<\/p><\/div><a href=\"https:\/\/www.husqvarna-bicycles.com\/de-ch\/apparel.html\" target=\"_blank\" style=\" min-width: 60%;font-size:20px;\"\t\tclass=\"btn btn-sm btn-transition txt-lighter  txt-hover-primary btn-bg-primary btn-border-primary btn-bg-hover-lighter btn-border-hover-primary  none\">\n\t<span>Allroad<\/span>\n<\/a>\t\t<\/div>\n\n<div class=\"col-xs-12 col-sm-4 col-md-4 txt-autogen\">\n\t\t\t<div class=\"img_effects\">\n\t<figure class=\"\" style=\"cursor:default;\">\n\t\t<img decoding=\"async\" class=\"img-responsive\" src=\"https:\/\/moto-center.ch\/ebikes\/wp-content\/uploads\/sites\/7\/2021\/01\/ride-clothes_husqvarna-bicycles-400x266.jpg\">\n\t\t\t\t\t<figcaption class=\"text-left\">\n\t\t\t\t\t\t\t\t\t\t\t\t\t\t\t<\/figcaption>\n\t\t\t<\/figure>\n<\/div><div class=\" txt-autogen no_bg\"><h2>Offroad<\/h2><p>Als Zweirad-Fan zieht es dich ins Freie, in die Berge, auf die Trails. Wenn du mit deinem Mountainbike an deine Grenzen gehst, brauchst du Offroad-Kleidung, Schutz und Ausr\u00fcstung, die auf jeder Fahrt mit deinem Ehrgeiz mith\u00e4lt. Von Kopf bis Fu\u00df gesch\u00fctzt, im stylischen Design, das an die schwedischen Wurzeln von Husqvarna ankn\u00fcpft \u2013 so gehst du auf jedem Trail aufs Ganze.<br \/><span style=\"color: #ffffff;\">a<\/span><\/p><\/div><a href=\"https:\/\/www.husqvarna-bicycles.com\/de-ch\/apparel.html\" target=\"_blank\" style=\" min-width: 60%;font-size:20px;\"\t\tclass=\"btn btn-sm btn-transition txt-lighter  txt-hover-primary btn-bg-primary btn-border-primary btn-bg-hover-lighter btn-border-hover-primary  none\">\n\t<span>Offroad<\/span>\n<\/a>\t\t<\/div>\n\n<div class=\"col-xs-12 col-sm-4 col-md-4 txt-autogen\">\n\t\t\t<div class=\"img_effects\">\n\t<figure class=\"\" style=\"cursor:default;\">\n\t\t<img decoding=\"async\" class=\"img-responsive\" src=\"https:\/\/moto-center.ch\/ebikes\/wp-content\/uploads\/sites\/7\/2021\/01\/live-clothes_husqvarna-bicycles-400x266.jpg\">\n\t\t\t\t\t<figcaption class=\"text-left\">\n\t\t\t\t\t\t\t\t\t\t\t\t\t\t\t<\/figcaption>\n\t\t\t<\/figure>\n<\/div><div class=\" txt-autogen no_bg\"><h2>Onroad<\/h2><p>Jeden Tag schreibst du deine eigene Geschichte. Du nimmst dein Schicksal selbst in die Hand. Dein Lebensstil verlangt nach Kleidung, die deiner progressiven Mentalit\u00e4t entspricht. Onroad ist eine komfortable, stylische Kollektion, die perfekt f\u00fcr den Alltagsgebrauch geeignet ist. Sie wurde so gestaltet, dass sie die schwedischen Wurzeln von Husqvarna widerspiegelt und der Welt zeigt, aus welchem Holz du geschnitzt bist.<\/p><\/div><a href=\"https:\/\/www.husqvarna-bicycles.com\/de-ch\/apparel.html\" target=\"_blank\" style=\" min-width: 60%;font-size:20px;\"\t\tclass=\"btn btn-sm btn-transition txt-lighter  txt-hover-primary btn-bg-primary btn-border-primary btn-bg-hover-lighter btn-border-hover-primary  none\">\n\t<span>Onroad<\/span>\n<\/a>\t\t<\/div>\n<\/div>\n\n\t\t<\/div>\n\t\t\t<\/section>\n\n\n\t<section style=\" background-image:url(https:\/\/moto-center.ch\/ebikes\/wp-content\/uploads\/sites\/7\/2021\/01\/catalogue_clothes_husqvarna-bicycles-1600x1066.jpg) !important; padding-top:200px;  padding-bottom:200px; \" class=\"fw-main-row  bg_positioned container-fluid autogen\">\n\t\t<div class=\" container\">\n\t\t  <div class=\"fw-row\">\n\t\n<div class=\"col-xs-12 txt-autogen\">\n\t\t\t\n  \t  <div class=\"fw-divider-space\" style=\"padding-top: 15px;\"><\/div>\n\t\n  \t  <div class=\"fw-divider-space\" style=\"padding-top: 50px;\"><\/div>\n\t\t\t<\/div>\n<\/div>\n\n\t\t<\/div>\n\t\t\t<\/section>\n\n<\/p>\n","protected":false},"excerpt":{"rendered":"<p>HUSQVARNA BICYCLES BEKLEIDUNG Inspiriert von unserer skandianvischen Herkunft, gemacht f\u00fcr dich. AllroadWenn dich der Pioniergeist dazu verleitet, auf die Suche nach neuen Erfahrungen zu gehen, passt die Allroad Bekleidungslinie perfekt zu deinem abenteuerlustigen Lebensstil. Egal, ob du dir deinen Weg durch dichte W\u00e4lder bahnst, wanderst oder einfach nur die Gegend erkundest: Die innovative Funktionalit\u00e4t dieser [&hellip;]<\/p>\n","protected":false},"author":3,"featured_media":0,"parent":0,"menu_order":2,"comment_status":"closed","ping_status":"closed","template":"","meta":{"footnotes":""},"class_list":["post-73","page","type-page","status-publish","hentry"],"_links":{"self":[{"href":"https:\/\/moto-center.ch\/ebikes\/wp-json\/wp\/v2\/pages\/73","targetHints":{"allow":["GET"]}}],"collection":[{"href":"https:\/\/moto-center.ch\/ebikes\/wp-json\/wp\/v2\/pages"}],"about":[{"href":"https:\/\/moto-center.ch\/ebikes\/wp-json\/wp\/v2\/types\/page"}],"author":[{"embeddable":true,"href":"https:\/\/moto-center.ch\/ebikes\/wp-json\/wp\/v2\/users\/3"}],"replies":[{"embeddable":true,"href":"https:\/\/moto-center.ch\/ebikes\/wp-json\/wp\/v2\/comments?post=73"}],"version-history":[{"count":4,"href":"https:\/\/moto-center.ch\/ebikes\/wp-json\/wp\/v2\/pages\/73\/revisions"}],"predecessor-version":[{"id":784,"href":"https:\/\/moto-center.ch\/ebikes\/wp-json\/wp\/v2\/pages\/73\/revisions\/784"}],"wp:attachment":[{"href":"https:\/\/moto-center.ch\/ebikes\/wp-json\/wp\/v2\/media?parent=73"}],"curies":[{"name":"wp","href":"https:\/\/api.w.org\/{rel}","templated":true}]}}