{"id":7216,"date":"2021-07-16T08:56:58","date_gmt":"2021-07-16T06:56:58","guid":{"rendered":"https:\/\/moto-center.ch\/bern\/?page_id=7216"},"modified":"2021-09-03T15:06:37","modified_gmt":"2021-09-03T13:06:37","slug":"gutschein-bestellen","status":"publish","type":"page","link":"https:\/\/moto-center.ch\/bern\/geschenkkarte\/gutschein-bestellen\/","title":{"rendered":"Gutschein bestellen"},"content":{"rendered":"\n\t<section style=\" padding-top:175px;  padding-bottom:15px; \" class=\"fw-main-row bg-darker container-fluid autogen\">\n\t\t<div class=\" container\">\n\t\t  <div class=\"fw-row\">\n\t\n<div class=\"col-xs-12 txt-autogen\">\n\t\t\t<div class=\" txt-autogen no_bg\"><h3>Hinweis<\/h3><p>Mit dem Best\u00e4tigungsemail senden wir dir unsere Bankverbindung. Nach Eingang der Zahlung senden wir die Geschenkkarte an die gew\u00fcnschte Adresse.<\/p><\/div>\t\t<\/div>\n<\/div>\n\n<div class=\"fw-row\">\n\t\n<div class=\"col-xs-12 txt-autogen\">\n\t\t\t<form data-fw-form-id=\"fw_form\" method=\"post\" action=\"https:\/\/moto-center.ch\/bern\/wp-json\/wp\/v2\/pages\/7216\" class=\"fw_form_fw_form\" data-fw-ext-forms-type=\"contact-forms\"  ><input type=\"hidden\" name=\"fwf\" value=\"fw_form\" \/><input type=\"hidden\" id=\"_nonce_cdcf7f287cbdf5cb05c0cf20a999fd90\" name=\"_nonce_cdcf7f287cbdf5cb05c0cf20a999fd90\" value=\"fd454394ec\" \/><input type=\"hidden\" name=\"_wp_http_referer\" value=\"\/bern\/wp-json\/wp\/v2\/pages\/7216\" \/><input type=\"hidden\" name=\"fw_ext_forms_form_type\" value=\"contact-forms\" \/><input type=\"hidden\" name=\"fw_ext_forms_form_id\" value=\"062a5e4a0bc9f2249a39345523b24953\" \/>\n\t<div class=\"fw-row\"><div class=\"col-xs-12 form-builder-item form-builder-item\">\n\t<div class=\"header title\">\n\t\t<h2>Geschenkgutschein bestellen<\/h2>\n\t\t\t<\/div>\n<\/div><\/div><div class=\"fw-row\"><div class=\"form-group col-xs-12 form-builder-item\">\n\t\t<label for=\"id-1\">Betrag\t\t<sup>*<\/sup>\t\t<\/label>\n\t\t<input class=\"form-control\" type=\"text\" name=\"text_05da11d\" placeholder=\"\" value=\"\" id=\"id-1\" required=\"required\" >\n\t\t<\/div><\/div><div class=\"fw-row\">\t<div class=\"col-xs-12 col-sm-6 col-md-6 form-builder-item\">\n\t\t<label>Anrede\t\t\t<sup>*<\/sup>\t\t<\/label>\n\t\t<div class=\"radio\">\n\t\t\t\t\t\t\t\t\t\t\t\t<label class=\"radio-inline\" for=\"rand-2\">\n\t\t\t\t\t  <input type=\"radio\" name=\"radio_ed392ff\" value=\"Herr\" id=\"rand-2\"  \/>\n\t\t\t\t\t  Herr\t\t\t\t\t<\/label>\n\t\t\t\t\t\t\t\t\t\t\t\t<label class=\"radio-inline\" for=\"rand-3\">\n\t\t\t\t\t  <input type=\"radio\" name=\"radio_ed392ff\" value=\"Frau\" id=\"rand-3\"  \/>\n\t\t\t\t\t  Frau\t\t\t\t\t<\/label>\n\t\t\t\t\t\t\t\t\t\t\t\t<label class=\"radio-inline\" for=\"rand-4\">\n\t\t\t\t\t  <input type=\"radio\" name=\"radio_ed392ff\" value=\"Firma\" id=\"rand-4\"  \/>\n\t\t\t\t\t  Firma\t\t\t\t\t<\/label>\n\t\t\t\t\t<\/div>\n\t\t\t<\/div>\n<div class=\"form-group col-xs-12 col-sm-6 col-md-6 form-builder-item\">\n\t\t<label for=\"id-5\">Firma\t\t\t\t<\/label>\n\t\t<input class=\"form-control\" type=\"text\" name=\"text_25eb52a\" placeholder=\"\" value=\"\" id=\"id-5\" >\n\t\t<\/div><\/div><div class=\"fw-row\"><div class=\"form-group col-xs-12 col-sm-6 col-md-6 form-builder-item\">\n\t\t<label for=\"id-6\">Vorname\t\t<sup>*<\/sup>\t\t<\/label>\n\t\t<input class=\"form-control\" type=\"text\" name=\"text_ee4dcda\" placeholder=\"\" value=\"\" id=\"id-6\" required=\"required\" >\n\t\t<\/div><div class=\"form-group col-xs-12 col-sm-6 col-md-6 form-builder-item\">\n\t\t<label for=\"id-7\">Name\t\t<sup>*<\/sup>\t\t<\/label>\n\t\t<input class=\"form-control\" type=\"text\" name=\"text_a124eba\" placeholder=\"\" value=\"\" id=\"id-7\" required=\"required\" >\n\t\t<\/div><\/div><div class=\"fw-row\"><div class=\"form-group col-xs-12 col-sm-6 col-md-6 form-builder-item\">\n\t\t<label for=\"id-8\">Adresse\t\t<sup>*<\/sup>\t\t<\/label>\n\t\t<input class=\"form-control\" type=\"text\" name=\"text_ad1ed56\" placeholder=\"\" value=\"\" id=\"id-8\" required=\"required\" >\n\t\t<\/div><div class=\"form-group col-xs-12 col-sm-4 col-md-2 form-builder-item\">\n\t\t<label for=\"id-9\">PLZ\t\t<sup>*<\/sup>\t\t<\/label>\n\t\t<input class=\"form-control\" type=\"text\" name=\"text_8a4b14d\" placeholder=\"\" value=\"\" id=\"id-9\" required=\"required\" >\n\t\t<\/div><div class=\"form-group col-xs-12 col-sm-4 col-md-4 form-builder-item\">\n\t\t<label for=\"id-10\">Ort\t\t<sup>*<\/sup>\t\t<\/label>\n\t\t<input class=\"form-control\" type=\"text\" name=\"text_723fc5d\" placeholder=\"\" value=\"\" id=\"id-10\" required=\"required\" >\n\t\t<\/div><\/div><div class=\"fw-row\"><div class=\"form-group col-xs-12 col-sm-4 col-md-4 form-builder-item\">\n\t\t<label for=\"id-11\">Mobile\t\t<sup>*<\/sup>\t\t<\/label>\n\t\t<input class=\"form-control\" type=\"text\" name=\"text_70c5bbd\" placeholder=\"079 123 45 67\" value=\"\" id=\"id-11\" required=\"required\" >\n\t\t<\/div><div class=\"form-group col-xs-12 col-sm-4 col-md-4 form-builder-item\">\n\t\t<label for=\"id-12\">Email\t\t<sup>*<\/sup>\t\t<\/label>\n\t\t<input class=\"form-control\" type=\"text\" name=\"email_3cbd3c2\" placeholder=\"\" value=\"\" id=\"id-12\" required=\"required\" >\n\t\t<\/div><div class=\"form-group col-xs-12 col-sm-4 col-md-4 form-builder-item\">\n\t\t<label for=\"id-13\">Geburtsdatum\t\t\t\t<\/label>\n\t\t<input class=\"form-control\" type=\"text\" name=\"text_d3d5d1c\" placeholder=\"01.01.2021\" value=\"\" id=\"id-13\" >\n\t\t<\/div><\/div><div class=\"fw-row\">\t<div class=\"col-xs-12 form-builder-item\">\n\t\t<label>Liefer- und Rechnungsadresse identisch?\t\t\t<sup>*<\/sup>\t\t<\/label>\n\t\t<div class=\"radio\">\n\t\t\t\t\t\t\t\t\t\t\t\t<label class=\"radio-inline\" for=\"rand-14\">\n\t\t\t\t\t  <input type=\"radio\" name=\"radio_075126b\" value=\"Ja\" id=\"rand-14\"  \/>\n\t\t\t\t\t  Ja\t\t\t\t\t<\/label>\n\t\t\t\t\t\t\t\t\t\t\t\t<label class=\"radio-inline\" for=\"rand-15\">\n\t\t\t\t\t  <input type=\"radio\" name=\"radio_075126b\" value=\"Nein\" id=\"rand-15\"  \/>\n\t\t\t\t\t  Nein\t\t\t\t\t<\/label>\n\t\t\t\t\t<\/div>\n\t\t\t<\/div>\n<\/div><div class=\"fw-row\"><div class=\"form-group col-xs-12 col-sm-6 col-md-6 form-builder-item\">\n\t\t<label for=\"id-16\">Vorname Lieferadresse\t\t\t\t<\/label>\n\t\t<input class=\"form-control\" type=\"text\" name=\"text_824bdb3\" placeholder=\"\" value=\"\" id=\"id-16\" >\n\t\t<\/div><div class=\"form-group col-xs-12 col-sm-6 col-md-6 form-builder-item\">\n\t\t<label for=\"id-17\">Name Lieferadresse\t\t\t\t<\/label>\n\t\t<input class=\"form-control\" type=\"text\" name=\"text_59d5c0a\" placeholder=\"\" value=\"\" id=\"id-17\" >\n\t\t<\/div><\/div><div class=\"fw-row\"><div class=\"form-group col-xs-12 col-sm-6 col-md-6 form-builder-item\">\n\t\t<label for=\"id-18\">Adresse Lieferadresse\t\t\t\t<\/label>\n\t\t<input class=\"form-control\" type=\"text\" name=\"text_825dbcd\" placeholder=\"\" value=\"\" id=\"id-18\" >\n\t\t<\/div><div class=\"form-group col-xs-12 col-sm-4 col-md-2 form-builder-item\">\n\t\t<label for=\"id-19\">PLZ\t\t\t\t<\/label>\n\t\t<input class=\"form-control\" type=\"text\" name=\"text_85ab0af\" placeholder=\"\" value=\"\" id=\"id-19\" >\n\t\t<\/div><div class=\"form-group col-xs-12 col-sm-4 col-md-4 form-builder-item\">\n\t\t<label for=\"id-20\">Ort Lieferadresse\t\t\t\t<\/label>\n\t\t<input class=\"form-control\" type=\"text\" name=\"text_386462e\" placeholder=\"\" value=\"\" id=\"id-20\" >\n\t\t<\/div><\/div><div class=\"fw-row\"><div class=\"col-xs-12 col-sm-6 col-md-6 form-builder-item\">\n        <label>Kopie an mich                    <\/label>\n        <div class=\"checkbox\">\n                                            <label class=\"checkbox-inline\" for=\"rand-21\">\n\t\t\t\t\t<input value=\"yes\" type=\"checkbox\" name=\"auto_responder_3e27bdb\" id=\"rand-21\"  \/>\n\t\t\t\t<\/label>\n                    <\/div>\n<\/div><\/div><div class=\"fw-row\">\t<div class=\"col-xs-12 form-builder-item\">\n\t\t<label>Einverst\u00e4ndniserkl\u00e4rung f\u00fcr Datenschutz und Marketingmassnahmen\t\t\t<sup>*<\/sup>\t\t<\/label>\n\t\t<div class=\"radio\">\n\t\t\t\t\t\t\t\t\t\t\t\t<label class=\"radio\" for=\"rand-22\">\n\t\t\t\t\t  <input type=\"radio\" name=\"radio_bb11de3\" value=\"Ja, ich erkl\u00e4re mich mit den &lt;a href=&quot;https:\/\/moto-center.ch\/unternehmen\/impressum\/&quot; target=&quot;_blank&quot;&gt;Datenschutz- und Marketingbestimmungen&lt;\/a&gt; einverstanden.\" id=\"rand-22\"  \/>\n\t\t\t\t\t  Ja, ich erkl\u00e4re mich mit den <a href=\"https:\/\/moto-center.ch\/unternehmen\/impressum\/\" target=\"_blank\">Datenschutz- und Marketingbestimmungen<\/a> einverstanden.\t\t\t\t\t<\/label>\n\t\t\t\t\t<\/div>\n\t\t\t<\/div>\n<\/div><div class=\"fw-row\"><\/div><div class=\"row\">\n\t<div class=\"col-xs-12\">\n\t\t<button type=\"submit\" class=\"btn btn-lg btn-primary\">Abschicken<\/button>\n\t<\/div>\n<\/div><\/form>\t\t<\/div>\n<\/div>\n\n\t\t<\/div>\n\t\t\t<\/section>\n\n\n","protected":false},"excerpt":{"rendered":"<p>HinweisMit dem Best\u00e4tigungsemail senden wir dir unsere Bankverbindung. Nach Eingang der Zahlung senden wir die Geschenkkarte an die gew\u00fcnschte Adresse. Geschenkgutschein bestellen Betrag * Anrede * Herr Frau Firma Firma Vorname * Name * Adresse * PLZ * Ort * Mobile * Email * Geburtsdatum Liefer- und Rechnungsadresse identisch? * Ja Nein Vorname Lieferadresse Name [&hellip;]<\/p>\n","protected":false},"author":3,"featured_media":0,"parent":7204,"menu_order":0,"comment_status":"closed","ping_status":"closed","template":"","meta":{"footnotes":""},"class_list":["post-7216","page","type-page","status-publish","hentry"],"_links":{"self":[{"href":"https:\/\/moto-center.ch\/bern\/wp-json\/wp\/v2\/pages\/7216","targetHints":{"allow":["GET"]}}],"collection":[{"href":"https:\/\/moto-center.ch\/bern\/wp-json\/wp\/v2\/pages"}],"about":[{"href":"https:\/\/moto-center.ch\/bern\/wp-json\/wp\/v2\/types\/page"}],"author":[{"embeddable":true,"href":"https:\/\/moto-center.ch\/bern\/wp-json\/wp\/v2\/users\/3"}],"replies":[{"embeddable":true,"href":"https:\/\/moto-center.ch\/bern\/wp-json\/wp\/v2\/comments?post=7216"}],"version-history":[{"count":5,"href":"https:\/\/moto-center.ch\/bern\/wp-json\/wp\/v2\/pages\/7216\/revisions"}],"predecessor-version":[{"id":8006,"href":"https:\/\/moto-center.ch\/bern\/wp-json\/wp\/v2\/pages\/7216\/revisions\/8006"}],"up":[{"embeddable":true,"href":"https:\/\/moto-center.ch\/bern\/wp-json\/wp\/v2\/pages\/7204"}],"wp:attachment":[{"href":"https:\/\/moto-center.ch\/bern\/wp-json\/wp\/v2\/media?parent=7216"}],"curies":[{"name":"wp","href":"https:\/\/api.w.org\/{rel}","templated":true}]}}