{"id":7204,"date":"2021-07-14T17:02:28","date_gmt":"2021-07-14T15:02:28","guid":{"rendered":"https:\/\/moto-center.ch\/bern\/?page_id=7204"},"modified":"2024-06-18T07:43:20","modified_gmt":"2024-06-18T05:43:20","slug":"geschenkkarte","status":"publish","type":"page","link":"https:\/\/moto-center.ch\/bern\/geschenkkarte\/","title":{"rendered":"Geschenkkarte"},"content":{"rendered":"<p>\n\t<section style=\" background-image:url(https:\/\/moto-center.ch\/bern\/wp-content\/uploads\/sites\/3\/2021\/07\/Gutscheine_Web-1600x1066.jpg) !important; padding-top:250px;  padding-bottom:250px; \" class=\"fw-main-row  bg_positioned bg_fixed container-fluid autogen\">\n\t\t<div>\n\t\t  \t\t<\/div>\n\t\t\t<\/section>\n\n\n\t<section style=\" padding-top:15px;  padding-bottom:15px; \" class=\"fw-main-row bg-darker container-fluid autogen\">\n\t\t<div class=\" container\">\n\t\t  <div class=\"fw-row\">\n\t\n<div class=\"col-xs-12 txt-autogen\">\n\t\t\t<div class=\"fw-heading fw-heading-h1\">\n\t\t<h1 class='no'>Geschenkkarte<\/h1>\t<\/div>\t\t<\/div>\n<\/div>\n\n<div class=\"fw-row\">\n\t\n<div class=\"col-xs-12 col-sm-8 col-md-8 txt-autogen\">\n\t\t\t<div class=\" txt-autogen no_bg\"><p>Das passende Geschenk zu finden ist meist schwierig. Wird der Beschenkte Freude haben? Kann sie das Geschenk \u00fcberhaupt brauchen? Diese und weitere Fragen stellen sich jedes Jahr neu. Um dieses Problem zu l\u00f6sen, gibts bei uns die Geschenkkarte.<\/p><p>Du kannst die Geschenkkarte mit einem beliebigen Betrag aufladen. Was sich der Beschenkte damit Sch\u00f6nes g\u00f6nnt, spielt keine Rolle. Eines ist aber sicher: er oder sie wird Freude daran haben.<\/p><p>Dir stehen zwei M\u00f6glichkeiten zur Verf\u00fcgung:<\/p><ol><li><strong>Bestelllung mit Bank\u00fcberweisung:<\/strong> F\u00fclle das Bestellformular vollst\u00e4ndig aus und schicke es ab. Mit dem Best\u00e4tigungsemail senden wir dir unsere Bankverbindung. Nach Eingang der Zahlung senden wir die Geschenkkarte an die gew\u00fcnschte Adresse.<\/li><li><strong>Bestellung mit Online-Bezahlung:<\/strong> F\u00fclle das Bestellformular vollst\u00e4ndig aus. Bezahle mit Kreditkarte oder Postcard. Nach erfolgreicher Bezahlung senden wir die Geschenkkarte an die gew\u00fcnschte Adresse.<\/li><\/ol><p>Du kannst die Geschenkkarte nat\u00fcrlich auch im Moto-Center Thun &amp; Moto-Center Bern vor Ort kaufen. Viel Spass beim Freude bereiten!<\/p><\/div>\t\t<\/div>\n\n<div class=\"col-xs-12 col-sm-4 col-md-4 txt-autogen\">\n\t\t\t<div class=\"img_effects\">\n\t<figure class=\"\" style=\"cursor:default;\">\n\t\t<img decoding=\"async\" class=\"img-responsive\" src=\"https:\/\/moto-center.ch\/bern\/wp-content\/uploads\/sites\/3\/2021\/07\/geschenkkarte-400x266.png\">\n\t\t\t\t\t<figcaption class=\"text-left\">\n\t\t\t\t\t\t\t\t\t\t\t\t\t\t\t<\/figcaption>\n\t\t\t<\/figure>\n<\/div>\t\t<\/div>\n<\/div>\n\n<div class=\"fw-row\">\n\t\n<div class=\"col-xs-12 col-sm-4 col-md-4 txt-autogen\">\n\t\t\t<a href=\"https:\/\/moto-center.ch\/bern\/geschenkkarte\/gutschein-bestellen\/\" target=\"_self\" style=\" min-width: 100%;font-size:20px;\"\t\tclass=\"btn btn-sm btn-transition txt-darker  txt-hover-primary btn-bg-primary btn-border-darker btn-bg-hover-darker btn-border-hover-primary  none\">\n\t<span>Bank\u00fcberweisung<\/span>\n<\/a>\t\t<\/div>\n\n<div class=\"col-xs-12 col-sm-4 col-md-4 txt-autogen\">\n\t\t\t<a href=\"https:\/\/moto-center.payrexx.com\/de\/pay?tid=a6f334ef\" target=\"_blank\" style=\" min-width: 100%;font-size:20px;\"\t\tclass=\"btn btn-sm btn-transition txt-darker  txt-hover-primary btn-bg-primary btn-border-primary btn-bg-hover-darker btn-border-hover-primary  none\">\n\t<span>Online Bezahlung<\/span>\n<\/a>\t\t<\/div>\n<\/div>\n\n<div class=\"fw-row\">\n\t\n<div class=\"col-xs-12 txt-autogen\">\n\t\t\t\n  \t  <div class=\"fw-divider-space\" style=\"padding-top: 50px;\"><\/div>\n\t\t\t<\/div>\n<\/div>\n\n<div class=\"fw-row\">\n\t\n<div class=\"col-xs-12 txt-autogen\">\n\t\t\t<div class=\" txt-autogen no_bg\"><h4>Funktionen der Geschenkkarte<\/h4><p>F\u00fcr Saldoabfragen und weitere Informationen zu unseren Geschenkkarten klicke auf <a href=\"https:\/\/myboncard.ch\" target=\"_blank\" rel=\"noopener\">diesen Link<\/a><\/p><\/div>\t\t<\/div>\n<\/div>\n\n<div class=\"fw-row\">\n\t\n<div class=\"col-xs-12 txt-autogen\">\n\t\t\t\n  \t  <div class=\"fw-divider-space\" style=\"padding-top: 200px;\"><\/div>\n\t\t\t<\/div>\n<\/div>\n\n\t\t<\/div>\n\t\t\t<\/section>\n\n<\/p>\n","protected":false},"excerpt":{"rendered":"<p>Geschenkkarte Das passende Geschenk zu finden ist meist schwierig. Wird der Beschenkte Freude haben? Kann sie das Geschenk \u00fcberhaupt brauchen? Diese und weitere Fragen stellen sich jedes Jahr neu. Um dieses Problem zu l\u00f6sen, gibts bei uns die Geschenkkarte.Du kannst die Geschenkkarte mit einem beliebigen Betrag aufladen. Was sich der Beschenkte damit Sch\u00f6nes g\u00f6nnt, spielt [&hellip;]<\/p>\n","protected":false},"author":3,"featured_media":0,"parent":0,"menu_order":0,"comment_status":"closed","ping_status":"closed","template":"","meta":{"footnotes":""},"class_list":["post-7204","page","type-page","status-publish","hentry"],"_links":{"self":[{"href":"https:\/\/moto-center.ch\/bern\/wp-json\/wp\/v2\/pages\/7204","targetHints":{"allow":["GET"]}}],"collection":[{"href":"https:\/\/moto-center.ch\/bern\/wp-json\/wp\/v2\/pages"}],"about":[{"href":"https:\/\/moto-center.ch\/bern\/wp-json\/wp\/v2\/types\/page"}],"author":[{"embeddable":true,"href":"https:\/\/moto-center.ch\/bern\/wp-json\/wp\/v2\/users\/3"}],"replies":[{"embeddable":true,"href":"https:\/\/moto-center.ch\/bern\/wp-json\/wp\/v2\/comments?post=7204"}],"version-history":[{"count":4,"href":"https:\/\/moto-center.ch\/bern\/wp-json\/wp\/v2\/pages\/7204\/revisions"}],"predecessor-version":[{"id":8360,"href":"https:\/\/moto-center.ch\/bern\/wp-json\/wp\/v2\/pages\/7204\/revisions\/8360"}],"wp:attachment":[{"href":"https:\/\/moto-center.ch\/bern\/wp-json\/wp\/v2\/media?parent=7204"}],"curies":[{"name":"wp","href":"https:\/\/api.w.org\/{rel}","templated":true}]}}