{"id":32,"date":"2016-01-26T21:20:13","date_gmt":"2016-01-26T20:20:13","guid":{"rendered":"http:\/\/moto-center.ch\/bern\/?page_id=32"},"modified":"2025-11-29T10:27:38","modified_gmt":"2025-11-29T09:27:38","slug":"bekleidung","status":"publish","type":"page","link":"https:\/\/moto-center.ch\/bern\/bekleidung\/","title":{"rendered":"Bekleidung"},"content":{"rendered":"<p>\n\t<section style=\" background-image:url(https:\/\/moto-center.ch\/bern\/wp-content\/uploads\/sites\/3\/2018\/07\/panorama-1_Web-1600x600.jpg) !important; padding-top:350px;  padding-bottom:280px; \" class=\"fw-main-row  bg_positioned container-fluid autogen\">\n\t\t<div>\n\t\t  \t\t<\/div>\n\t\t\t<\/section>\n\n\t\t<section style = \" padding-top:15px;  padding-bottom:15px; \"  class=\"fw-main-row bg_gray_darker txt_gray_lighter container-fluid\">\n\t\t\t<div class=\"container\">\n\t\t\t\t<div class=\"fw-row\">\n\t\n<div class=\"col-xs-12 txt-autogen\">\n\t\t\t<div class=\"fw-heading fw-heading-h1\">\n\t\t<h1 class='no'>Unser Shop<\/h1>\t<\/div>\t\t<\/div>\n<\/div>\n\n<div class=\"fw-row\">\n\t\n<div class=\"col-xs-12 col-sm-9 col-md-9 txt-autogen\">\n\t\t\t<div class=\" txt-autogen no_bg\"><p style=\"text-align: justify;\">Herzlich willkommen in unserem grossen Bekleidungsfachgesch\u00e4ft. Du findest auf \u00fcber 900m<sup>2<\/sup> Motorradbekleidung mit fachm\u00e4nnischer Beratung. Wir verkaufen nicht nur Motorradbekleidung, wir fahren auch selber Motorrad. Deshalb kennen wir deine Bed\u00fcrfnisse und k\u00f6nnen dir das Beste Produkt anbieten. Im Sortiment findest du Bekleidung f\u00fcr jeden Einsatzzweck. Dabei spielt es keine Rolle, ob du Enduro, Offroad oder Rennstrecke f\u00e4hrst. Wir haben tolle Textil- und Lederprodukte und das entsprechende Zubeh\u00f6r und Accessoires.<\/p><p>Mit unserem geschulten Person, welches selber Motorrad f\u00e4hrt, findest du bei uns das Gesuchte.<\/p><\/div>\n  \t  <div class=\"fw-divider-space\" style=\"padding-top: 50px;\"><\/div>\n\t\t\t<\/div>\n\n<div class=\"col-xs-12 col-sm-3 col-md-3 txt-autogen\">\n\t\t\t<div class=\" txt-autogen no_bg\"><p><strong>Kontakt<\/strong><\/p><p><strong>Moto-Center Bern<\/strong><br \/>Freiburgstrasse 384<br \/>3018 Bern<\/p><p><i class=\"fa fa-phone-square\"><\/i> 031 992 16 10<br \/><i class=\"fa fa-fax\"><\/i> 031 992 16 13<br \/><i class=\"fa fa-envelope\"><\/i> <a href=\"mailto:&#98;&#101;rn&#64;m&#111;&#116;o&#45;&#99;&#101;n&#116;er.c&#104;\">&#69;&#45;&#77;ai&#108;<\/a><br \/><i class=\"fa fa-compress\"><\/i> <a href=\"http:\/\/www.moto-center.ch\/bern\/unternehmen\/kontakt\/\">Kontaktformular<\/a><br \/><i class=\"fa fa-globe\"><\/i> <a href=\"http:\/\/www.moto-center.ch\/bern\/unternehmen\/kontakt\/\">Situationsplan<\/a><\/p><\/div>\t\t<\/div>\n<\/div>\n\n<div class=\"fw-row\">\n\t\n<div class=\"col-xs-12 txt-autogen\">\n\t\t\t<div class=\"fw-heading fw-heading-h1\">\n\t\t<h1 class='no'>Leder und Textilbekleidung<\/h1>\t<\/div>\t\t<\/div>\n<\/div>\n\n<div class=\"fw-row\">\n\t\n<div class=\"col-xs-12 txt-autogen\">\n\t\t\t<div class=\" txt-autogen no_bg\"><p style=\"text-align: justify;\">Wir f\u00fchren eine grosse Auswahl an qualitativ hochstehenden Lederkombis. Sei es ein Einteiler oder Zweiteiler, wir haben sportliche und zeitlose Kombis in allen Gr\u00f6ssen. Lass dich vom Personal beraten, auf was es dabei ankommt.<\/p><\/div>\t\t<\/div>\n<\/div>\n\n<div class=\"fw-row\">\n\t\n<div class=\"col-xs-12 txt-autogen\">\n\t\t\t<div class=\"img_effects\">\n\t<figure class=\"\" style=\"cursor:default;\">\n\t\t<img decoding=\"async\" class=\"img-responsive\" src=\"https:\/\/moto-center.ch\/bern\/wp-content\/uploads\/sites\/3\/2018\/07\/panorama-9_Web-1200x463.jpg\">\n\t\t\t\t\t<figcaption class=\"text-left\">\n\t\t\t\t\t\t\t\t\t\t\t\t\t\t\t<\/figcaption>\n\t\t\t<\/figure>\n<\/div>\t\t<\/div>\n<\/div>\n\n<div class=\"fw-row\">\n\t\n<div class=\"col-xs-12 txt-autogen\">\n\t\t\t\n  \t  <div class=\"fw-divider-space\" style=\"padding-top: 50px;\"><\/div>\n\t\t\t<\/div>\n<\/div>\n\n\t\t\t<\/div>\n\t\t<\/section>\n\t\t\n\t<section style=\" background-image:url(https:\/\/moto-center.ch\/bern\/wp-content\/uploads\/sites\/3\/2018\/07\/panorama-8_Web-1600x628.jpg) !important; padding-top:200px;  padding-bottom:200px; \" class=\"fw-main-row  bg_positioned container-fluid autogen\">\n\t\t<div>\n\t\t  \t\t<\/div>\n\t\t\t<\/section>\n\n\n\t<section style=\" padding-top:15px;  padding-bottom:15px; \" class=\"fw-main-row bg-bg_body container autogen\">\n\t\t<div>\n\t\t  <div class=\"fw-row\">\n\t\n<div class=\"col-xs-12 col-sm-6 col-md-6 txt-autogen\">\n\t\t\t\t\t<\/div>\n\n<div class=\"col-xs-12 col-sm-6 col-md-6 txt-autogen\">\n\t\t\t<div class=\"fw-heading fw-heading-h1\">\n\t\t<h1 class='no'>Helme - von Jet bis Klapp<\/h1>\t<\/div>\t\t<\/div>\n<\/div>\n\n<div class=\"fw-row\">\n\t\n<div class=\"col-xs-12 col-sm-3 col-md-3 txt-autogen\">\n\t\t\t<div class=\"img_effects\">\n\t<figure class=\"\" style=\"cursor:default;\">\n\t\t<img decoding=\"async\" class=\"img-responsive\" src=\"https:\/\/moto-center.ch\/bern\/wp-content\/uploads\/sites\/3\/2016\/01\/Motocenter029-500x400.jpg\">\n\t\t\t\t\t<figcaption class=\"text-left\">\n\t\t\t\t\t\t\t\t\t\t\t\t\t\t\t<\/figcaption>\n\t\t\t<\/figure>\n<\/div>\n  \t  <div class=\"fw-divider-space\" style=\"padding-top: 30px;\"><\/div>\n\t<div class=\"img_effects\">\n\t<figure class=\"\" style=\"cursor:default;\">\n\t\t<img decoding=\"async\" class=\"img-responsive\" src=\"https:\/\/moto-center.ch\/bern\/wp-content\/uploads\/sites\/3\/2016\/01\/Motocenter032-500x400.jpg\">\n\t\t\t\t\t<figcaption class=\"text-left\">\n\t\t\t\t\t\t\t\t\t\t\t\t\t\t\t<\/figcaption>\n\t\t\t<\/figure>\n<\/div>\t\t<\/div>\n\n<div class=\"col-xs-12 col-sm-3 col-md-3 txt-autogen\">\n\t\t\t<div class=\"img_effects\">\n\t<figure class=\"\" style=\"cursor:default;\">\n\t\t<img decoding=\"async\" class=\"img-responsive\" src=\"https:\/\/moto-center.ch\/bern\/wp-content\/uploads\/sites\/3\/2018\/06\/MCB_Panorama_2018-4-500x400.jpg\">\n\t\t\t\t\t<figcaption class=\"text-left\">\n\t\t\t\t\t\t\t\t\t\t\t\t\t\t\t<\/figcaption>\n\t\t\t<\/figure>\n<\/div>\n  \t  <div class=\"fw-divider-space\" style=\"padding-top: 30px;\"><\/div>\n\t<div class=\"img_effects\">\n\t<figure class=\"\" style=\"cursor:default;\">\n\t\t<img decoding=\"async\" class=\"img-responsive\" src=\"https:\/\/moto-center.ch\/bern\/wp-content\/uploads\/sites\/3\/2016\/01\/Motocenter026-500x400.jpg\">\n\t\t\t\t\t<figcaption class=\"text-left\">\n\t\t\t\t\t\t\t\t\t\t\t\t\t\t\t<\/figcaption>\n\t\t\t<\/figure>\n<\/div>\t\t<\/div>\n\n<div class=\"col-xs-12 col-sm-6 col-md-6 txt-autogen\">\n\t\t\t<div class=\" txt-autogen no_bg\"><p style=\"text-align: justify;\">Nichts ist so wichtig wie ein ordentlicher Kopfschutz. Unsere Helme entsprechenden den europ\u00e4ischen Pr\u00fcfnormen und den z.T. strengeren Herstellerrichtlinien wie zum Beispiel von Schuberth oder BMW. Dass ein Helm bei der Fahrt nicht dr\u00fcckt, ist fast genau so wichtig. Je bequemer ein Helm ist, je h\u00f6her ist das Sicherheitsempfinden. Unsere riesige Auswahl an Helmen deckt dabei jede Passform und Kopfgr\u00f6sse ab. Unser Sortiment umfasst Gr\u00f6ssen von XS bis XXXL von fast allen Modellen. Und falls deine Gr\u00f6sse gerade nicht verf\u00fcgbar ist, lassen wir es von unserem Hauptsitz f\u00fcr dich anliefern.<\/p><p style=\"text-align: justify;\">Wir k\u00f6nnen dir Helme von allen bekannten Herstellern (\u00fcber 10 Marken) mit h\u00f6chsten Qualit\u00e4ts- und Sicherheitsstandards anbieten. Nat\u00fcrlich haben wir auch tolle Helme f\u00fcrs kleine Budget. Auch diese Helme sind gut und gepr\u00fcft.<\/p><p style=\"text-align: justify;\">Bei uns kannst du zudem <strong>jeden Helm bei einer Probefahrt mit deinem Motorrad ausgiebig testen<\/strong>! Nutze diesen Service und \u00fcberzeuge dich \u00abon the road\u00bb von deinem neuen Helm.<\/p><p>&nbsp;<\/p><\/div>\t\t<\/div>\n<\/div>\n\n\t\t<\/div>\n\t\t\t<\/section>\n\n\n\t<section style=\" background-image:url(https:\/\/moto-center.ch\/bern\/wp-content\/uploads\/sites\/3\/2018\/07\/panorama-10_Web-1600x535.jpg) !important; padding-top:200px;  padding-bottom:200px; \" class=\"fw-main-row  bg_positioned container-fluid autogen\">\n\t\t<div>\n\t\t  \t\t<\/div>\n\t\t\t<\/section>\n\n\n\t<section style=\" padding-top:15px;  padding-bottom:15px; \" class=\"fw-main-row bg-darker container-fluid autogen\">\n\t\t<div class=\" container\">\n\t\t  <div class=\"fw-row\">\n\t\n<div class=\"col-xs-12 txt-autogen\">\n\t\t\t<div class=\"fw-heading fw-heading-h1\">\n\t\t<h1 class='no'>Enduro & Offfroad<\/h1>\t<\/div>\t\t<\/div>\n<\/div>\n\n<div class=\"fw-row\">\n\t\n<div class=\"col-xs-12 txt-autogen\">\n\t\t\t<div class=\" txt-autogen no_bg\"><p>Das Moto-Center Bern ist der gr\u00f6sste MX- und Enduroladen in der Region Bern zum Anfassen, Anprobieren und Vergleichen. Wir f\u00fchren ein gut sortiertes Angebot an Motocross und Enduro-Bekleidung von FOX, SCOTT, KTM und unser Angebot w\u00e4chst stetig. Wir bieten trendy Jerseys mit passenden Hosen, Handschuhe, Helme, Stiefel und Brillen an. So bist du perfekt ausger\u00fcstet und siehst erst recht noch einmalig und stylisch aus!<\/p><p>Falls du ein bestimmtes Jersey oder Zubeh\u00f6r suchst, k\u00f6nnen wir dir nat\u00fcrlich alles bestellen. Ruf einfach kurz im Laden an oder mach eine <a href=\"mailto:bern@moto-center.ch\">E-Mail<\/a>.<\/p><\/div>\t\t<\/div>\n<\/div>\n\n<div class=\"fw-row\">\n\t\n<div class=\"col-xs-12 col-sm-4 col-md-4 wrapper-4 txt-autogen\">\n\t\t<div class=\"inner bg-lighter def\">\t\t<div class=\"img_effects\">\n\t<figure class=\"\" style=\"cursor:default;\">\n\t\t<img decoding=\"async\" class=\"img-responsive\" src=\"https:\/\/moto-center.ch\/bern\/wp-content\/uploads\/sites\/3\/2019\/12\/Scott-400x400.png\">\n\t\t\t\t\t<figcaption class=\"text-left\">\n\t\t\t\t\t\t\t\t\t\t\t\t<a class=\"main-btn\" href=\"http:\/\/www.scott-sports.com\/ch\/de\/products\/motosports-offroad\"\n\t\t\t\t\ttarget=\"_blank\"><\/a>\t\t\t<\/figcaption>\n\t\t\t<\/figure>\n<\/div>\t\t<\/div><\/div>\n\n<div class=\"col-xs-12 col-sm-4 col-md-4 wrapper-4 txt-autogen\">\n\t\t<div class=\"inner bg-lighter def\">\t\t<div class=\"img_effects\">\n\t<figure class=\"\" style=\"cursor:default;\">\n\t\t<img decoding=\"async\" class=\"img-responsive\" src=\"https:\/\/moto-center.ch\/bern\/wp-content\/uploads\/sites\/3\/2025\/07\/Fox-400x400.png\">\n\t\t\t\t\t<figcaption class=\"text-left\">\n\t\t\t\t\t\t\t\t\t\t\t\t<a class=\"main-btn\" href=\"https:\/\/www.chrissports.ch\/Marken-Produkte\/Fox-Racing\/\"\n\t\t\t\t\ttarget=\"_blank\"><\/a>\t\t\t<\/figcaption>\n\t\t\t<\/figure>\n<\/div>\t\t<\/div><\/div>\n\n<div class=\"col-xs-12 col-sm-4 col-md-4 wrapper-4 txt-autogen\">\n\t\t<div class=\"inner bg-lighter def\">\t\t<div class=\"img_effects\">\n\t<figure class=\"\" style=\"cursor:default;\">\n\t\t<img decoding=\"async\" class=\"img-responsive\" src=\"https:\/\/moto-center.ch\/bern\/wp-content\/uploads\/sites\/3\/2019\/12\/KTM-400x400.png\">\n\t\t\t\t\t<figcaption class=\"text-left\">\n\t\t\t\t\t\t\t\t\t\t\t\t<a class=\"main-btn\" href=\"https:\/\/www.ktm.com\/ktmpowerwear\/\"\n\t\t\t\t\ttarget=\"_blank\"><\/a>\t\t\t<\/figcaption>\n\t\t\t<\/figure>\n<\/div>\t\t<\/div><\/div>\n<\/div>\n\n<div class=\"fw-row\">\n\t\n<div class=\"col-xs-12 txt-autogen\">\n\t\t\t\n  \t  <div class=\"fw-divider-space\" style=\"padding-top: 50px;\"><\/div>\n\t\t\t<\/div>\n<\/div>\n\n<div class=\"fw-row\">\n\t\n<div class=\"col-xs-12 col-sm-3 col-md-3 txt-autogen\">\n\t\t\t<div class=\"img_effects\">\n\t<figure class=\"\" style=\"cursor:default;\">\n\t\t<img decoding=\"async\" class=\"img-responsive\" src=\"https:\/\/moto-center.ch\/bern\/wp-content\/uploads\/sites\/3\/2016\/01\/Motocenter028-400x266.jpg\">\n\t\t\t\t\t<figcaption class=\"text-left\">\n\t\t\t\t\t\t\t\t\t\t\t\t\t\t\t<\/figcaption>\n\t\t\t<\/figure>\n<\/div>\t\t<\/div>\n\n<div class=\"col-xs-12 col-sm-3 col-md-3 txt-autogen\">\n\t\t\t<div class=\"img_effects\">\n\t<figure class=\"\" style=\"cursor:default;\">\n\t\t<img decoding=\"async\" class=\"img-responsive\" src=\"https:\/\/moto-center.ch\/bern\/wp-content\/uploads\/sites\/3\/2016\/01\/Motocenter029-400x266.jpg\">\n\t\t\t\t\t<figcaption class=\"text-left\">\n\t\t\t\t\t\t\t\t\t\t\t\t\t\t\t<\/figcaption>\n\t\t\t<\/figure>\n<\/div>\t\t<\/div>\n\n<div class=\"col-xs-12 col-sm-3 col-md-3 txt-autogen\">\n\t\t\t<div class=\"img_effects\">\n\t<figure class=\"\" style=\"cursor:default;\">\n\t\t<img decoding=\"async\" class=\"img-responsive\" src=\"https:\/\/moto-center.ch\/bern\/wp-content\/uploads\/sites\/3\/2019\/10\/14_Fox2020-400x266.jpg\">\n\t\t\t\t\t<figcaption class=\"text-left\">\n\t\t\t\t\t\t\t\t\t\t\t\t\t\t\t<\/figcaption>\n\t\t\t<\/figure>\n<\/div>\t\t<\/div>\n\n<div class=\"col-xs-12 col-sm-3 col-md-3 txt-autogen\">\n\t\t\t<div class=\"img_effects\">\n\t<figure class=\"\" style=\"cursor:default;\">\n\t\t<img decoding=\"async\" class=\"img-responsive\" src=\"https:\/\/moto-center.ch\/bern\/wp-content\/uploads\/sites\/3\/2018\/07\/panorama-11_Web-500x333.jpg\">\n\t\t\t\t\t<figcaption class=\"text-left\">\n\t\t\t\t\t\t\t\t\t\t\t\t\t\t\t<\/figcaption>\n\t\t\t<\/figure>\n<\/div>\t\t<\/div>\n<\/div>\n\n<div class=\"fw-row\">\n\t\n<div class=\"col-xs-12 txt-autogen\">\n\t\t\t\n  \t  <div class=\"fw-divider-space\" style=\"padding-top: 15px;\"><\/div>\n\t\t\t<\/div>\n<\/div>\n\n\t\t<\/div>\n\t\t\t<\/section>\n\n\t\t<section style = \" padding-top:15px;  padding-bottom:15px; \"  class=\"fw-main-row bg_gray_darker txt_gray_lighter container-fluid\">\n\t\t\t<div class=\"container\">\n\t\t\t\t<div class=\"fw-row\">\n\t\n<div class=\"col-xs-12 txt-autogen\">\n\t\t\t<div class=\"fw-heading fw-heading-h1\">\n\t\t<h1 class='no'>Stiefel<\/h1>\t<\/div>\t\t<\/div>\n<\/div>\n\n<div class=\"fw-row\">\n\t\n<div class=\"col-xs-12 txt-autogen\">\n\t\t\t<div class=\" txt-autogen no_bg\"><p style=\"text-align: justify;\">Auch den Schutz und die Sicherheit der F\u00fcsse und Beine \u00fcberlassen wir nicht dem Zufall. Seit vielen Jahren verlassen wir uns auf die Modelle von DAYTONA, Held und BMW. Motorradstiefel von DAYTONA geh\u00f6ren weltweit zur absoluten Spitze - denn Qualit\u00e4t ist das Einzige, was f\u00fcr sie z\u00e4hlt:<\/p><ul><li>ausgesuchtes, erstklassiges Rohmaterial<\/li><li>Fertigung in Handarbeit, ausschlie\u00dflich in Deutschland, mit modernster technischer Unterst\u00fctzung<\/li><li>hochentwickelte Sicherheitseigenschaften<\/li><li>au\u00dfergew\u00f6hnlicher Tragekomfort beim Motorradfahren und auch danach<\/li><li>Haltbarkeit und Belastbarkeit auch in extremen Situationen<\/li><li>pflegeleichte und enorm langlebige Produkte<\/li><\/ul><p style=\"text-align: justify;\">Gerne zeigen wir dir, auf was es bei einem guten und bequemen Schuh an kommt. Sei es f\u00fcr die Rennstrecke, das gem\u00fctliche Touren oder f\u00fcr steinharte Endurotrips, wir haben f\u00fcr alle Einsatzwecke das richtige Schuhwerk.<\/p><p>&nbsp;<\/p><\/div>\t\t<\/div>\n<\/div>\n\n\t\t\t<\/div>\n\t\t<\/section>\n\t\t\n\t<section style=\" background-image:url(https:\/\/moto-center.ch\/bern\/wp-content\/uploads\/sites\/3\/2018\/07\/panorama-4_Web-1600x642.jpg) !important; padding-top:200px;  padding-bottom:200px; \" class=\"fw-main-row  bg_positioned container-fluid autogen\">\n\t\t<div>\n\t\t  \t\t<\/div>\n\t\t\t<\/section>\n\n\n\t<section style=\" padding-top:15px;  padding-bottom:15px; \" class=\"fw-main-row bg-darker container-fluid autogen\">\n\t\t<div class=\" container\">\n\t\t  <div class=\"fw-row\">\n\t\n<div class=\"col-xs-12 txt-autogen\">\n\t\t\t<div class=\"fw-heading fw-heading-h1\">\n\t\t<h1 class='no'>Handschuhe<\/h1>\t<\/div>\t\t<\/div>\n<\/div>\n\n<div class=\"fw-row\">\n\t\n<div class=\"col-xs-12 col-sm-9 col-md-9 txt-autogen\">\n\t\t\t<div class=\" txt-autogen no_bg\"><p style=\"text-align: justify;\">Ein passgenauer und komfortabler Handschuh geh\u00f6rt zum fixen Inventar eines Motorradfahrers. Unser Lieferant HELD hat vor \u00fcber 70 Jahren mit der Produktion von qualiativ hochstehenden Handschuhen begonnen. Und diese Erfahrung kommt dir als Biker zu Gute. Wir haben \u00fcber 100 Modelle in diversen Gr\u00f6ssen und Farben zur Auswahl.<\/p><p style=\"text-align: justify;\">Du findest Handschuhe aus allen Bereichen und Verwendungszwecken:<\/p><ul><li>Rennstrecke &amp; Sport<\/li><li>Touring mit und ohne GORE-TEX<\/li><li>Classic<\/li><li>Sommer<\/li><li>Adventure \/ Offroad \/ Enduro<\/li><li>Motocross \/ FMX<\/li><\/ul><\/div>\t\t<\/div>\n<\/div>\n\n\t\t<\/div>\n\t\t\t<\/section>\n\n\n\t<section style=\" background-image:url(https:\/\/moto-center.ch\/bern\/wp-content\/uploads\/sites\/3\/2025\/01\/Ortema_motobike-1600x665.jpg) !important; padding-top:200px;  padding-bottom:200px; \" class=\"fw-main-row  bg_positioned container-fluid autogen\">\n\t\t<div>\n\t\t  \t\t<\/div>\n\t\t\t<\/section>\n\n\n\t<section style=\" padding-top:15px;  padding-bottom:15px; \" class=\"fw-main-row bg-bg_body container autogen\">\n\t\t<div>\n\t\t  <div class=\"fw-row\">\n\t\n<div class=\"col-xs-12 txt-autogen\">\n\t\t\t<div class=\"fw-heading fw-heading-h1\">\n\t\t<h1 class='no'>Ortema Sport Protection<\/h1>\t<\/div><div class=\" txt-autogen no_bg\"><p>ORTEMA bietet Produkte mit denen sich Sportler von Kopf bis Fuss sch\u00fctzen k\u00f6nnen. Die Sportbandagen, -orthesen und Protektoren k\u00f6nnen sowohl pr\u00e4ventiv als auch nach einer Verletzung eingesetzt werden. Das garantiert die bestm\u00f6gliche Funktion und h\u00f6chsten Tragekomfort, ohne den Sportler in seiner Bewegungsfreiheit einzuschr\u00e4nken oder seine Performance zu behindern.<\/p><h2>Unser Sortiment<\/h2><\/div>\t\t<\/div>\n<\/div>\n\n<div class=\"fw-row\">\n\t\n<div class=\"col-xs-12 col-sm-3 col-md-3 txt-autogen\">\n\t\t\t<div class=\"img_effects\">\n\t<figure class=\"\" style=\"cursor:default;\">\n\t\t<img decoding=\"async\" class=\"img-responsive\" src=\"https:\/\/moto-center.ch\/bern\/wp-content\/uploads\/sites\/3\/2025\/01\/Ortema_Neck_Brace_onb-schwarz-2019-400x400.jpg\">\n\t\t\t\t\t<figcaption class=\"text-center\">\n\t\t\t\t<h4 class=\"\">ONB Neck Brace<\/h4>\t\t\t\t\t\t\t\t<a class=\"main-btn\" href=\"https:\/\/moto-center.payrexx.com\/de\/pay?tid=2c329445\"\n\t\t\t\t\ttarget=\"_blank\"><\/a>\t\t\t<\/figcaption>\n\t\t\t<\/figure>\n<\/div>\t\t<\/div>\n\n<div class=\"col-xs-12 col-sm-3 col-md-3 txt-autogen\">\n\t\t\t<div class=\"img_effects\">\n\t<figure class=\"\" style=\"cursor:default;\">\n\t\t<img decoding=\"async\" class=\"img-responsive\" src=\"https:\/\/moto-center.ch\/bern\/wp-content\/uploads\/sites\/3\/2025\/01\/Ortema_ocp_1.0_ohne-gurte-400x400.jpg\">\n\t\t\t\t\t<figcaption class=\"text-center\">\n\t\t\t\t<h4 class=\"\">OCP 1.0 Stone Shield<\/h4>\t\t\t\t\t\t\t\t<a class=\"main-btn\" href=\"https:\/\/moto-center.payrexx.com\/de\/pay?tid=2c329445\"\n\t\t\t\t\ttarget=\"_blank\"><\/a>\t\t\t<\/figcaption>\n\t\t\t<\/figure>\n<\/div>\t\t<\/div>\n\n<div class=\"col-xs-12 col-sm-3 col-md-3 txt-autogen\">\n\t\t\t<div class=\"img_effects\">\n\t<figure class=\" overlay-hover\" style=\"cursor:default;--moto-overlay-var: url(https:\/\/moto-center.ch\/bern\/wp-content\/uploads\/sites\/3\/2025\/01\/Ortema_ocp_1.0_damen-seitlich-400x400.jpg);\">\n\t\t<img decoding=\"async\" class=\"img-responsive\" src=\"https:\/\/moto-center.ch\/bern\/wp-content\/uploads\/sites\/3\/2025\/01\/Ortema_ocp_1.0_ohne-gurte-400x400.jpg\">\n\t\t\t\t\t<figcaption class=\"text-center\">\n\t\t\t\t<h4 class=\"\">OCP 1.0 Stone Shield Damen<\/h4>\t\t\t\t\t\t\t\t<a class=\"main-btn\" href=\"https:\/\/moto-center.payrexx.com\/de\/pay?tid=2c329445\"\n\t\t\t\t\ttarget=\"_blank\"><\/a>\t\t\t<\/figcaption>\n\t\t\t<\/figure>\n<\/div>\t\t<\/div>\n\n<div class=\"col-xs-12 col-sm-3 col-md-3 txt-autogen\">\n\t\t\t<div class=\"img_effects\">\n\t<figure class=\" overlay-hover\" style=\"cursor:default;--moto-overlay-var: url(https:\/\/moto-center.ch\/bern\/wp-content\/uploads\/sites\/3\/2025\/01\/Ortema_ortho-max_jacket_back-400x400.jpg);\">\n\t\t<img decoding=\"async\" class=\"img-responsive\" src=\"https:\/\/moto-center.ch\/bern\/wp-content\/uploads\/sites\/3\/2025\/01\/Ortema_ortho-max_jacket_front-400x400.jpg\">\n\t\t\t\t\t<figcaption class=\"text-center\">\n\t\t\t\t<h4 class=\"\">Ortho-Max Jacket<\/h4>\t\t\t\t\t\t\t\t<a class=\"main-btn\" href=\"https:\/\/moto-center.payrexx.com\/de\/pay?tid=2c329445\"\n\t\t\t\t\ttarget=\"_blank\"><\/a>\t\t\t<\/figcaption>\n\t\t\t<\/figure>\n<\/div>\t\t<\/div>\n<\/div>\n\n<div class=\"fw-row\">\n\t\n<div class=\"col-xs-12 col-sm-3 col-md-3 txt-autogen\">\n\t\t\t<div class=\"img_effects\">\n\t<figure class=\" overlay-hover\" style=\"cursor:default;--moto-overlay-var: url(https:\/\/moto-center.ch\/bern\/wp-content\/uploads\/sites\/3\/2025\/01\/Ortema_ortho-max_vest-back-400x400.jpg);\">\n\t\t<img decoding=\"async\" class=\"img-responsive\" src=\"https:\/\/moto-center.ch\/bern\/wp-content\/uploads\/sites\/3\/2025\/01\/Ortema_ortho-max_vest-400x400.jpg\">\n\t\t\t\t\t<figcaption class=\"text-center\">\n\t\t\t\t<h4 class=\"\">Ortho-Max Vest<\/h4>\t\t\t\t\t\t\t\t<a class=\"main-btn\" href=\"https:\/\/moto-center.payrexx.com\/de\/pay?tid=2c329445\"\n\t\t\t\t\ttarget=\"_blank\"><\/a>\t\t\t<\/figcaption>\n\t\t\t<\/figure>\n<\/div>\t\t<\/div>\n\n<div class=\"col-xs-12 col-sm-3 col-md-3 txt-autogen\">\n\t\t\t<div class=\"img_effects\">\n\t<figure class=\" overlay-hover\" style=\"cursor:default;--moto-overlay-var: url(https:\/\/moto-center.ch\/bern\/wp-content\/uploads\/sites\/3\/2025\/01\/Ortema_ortho-max_dynamic_03_frei-400x400.jpg);\">\n\t\t<img decoding=\"async\" class=\"img-responsive\" src=\"https:\/\/moto-center.ch\/bern\/wp-content\/uploads\/sites\/3\/2025\/01\/Ortema_ortho-max_dynamic-400x400.jpg\">\n\t\t\t\t\t<figcaption class=\"text-center\">\n\t\t\t\t<h4 class=\"\">Ortho-Max Dynamic<\/h4>\t\t\t\t\t\t\t\t<a class=\"main-btn\" href=\"https:\/\/moto-center.payrexx.com\/de\/pay?tid=2c329445\"\n\t\t\t\t\ttarget=\"_blank\"><\/a>\t\t\t<\/figcaption>\n\t\t\t<\/figure>\n<\/div>\t\t<\/div>\n\n<div class=\"col-xs-12 col-sm-3 col-md-3 txt-autogen\">\n\t\t\t<div class=\"img_effects\">\n\t<figure class=\"\" style=\"cursor:default;\">\n\t\t<img decoding=\"async\" class=\"img-responsive\" src=\"https:\/\/moto-center.ch\/bern\/wp-content\/uploads\/sites\/3\/2025\/01\/Ortema_lumbo-x_low_rot-400x400.jpg\">\n\t\t\t\t\t<figcaption class=\"text-center\">\n\t\t\t\t<h4 class=\"\">Lumbo-X Low<\/h4>\t\t\t\t\t\t\t\t<a class=\"main-btn\" href=\"https:\/\/moto-center.payrexx.com\/de\/pay?tid=2c329445\"\n\t\t\t\t\ttarget=\"_blank\"><\/a>\t\t\t<\/figcaption>\n\t\t\t<\/figure>\n<\/div>\t\t<\/div>\n\n<div class=\"col-xs-12 col-sm-3 col-md-3 txt-autogen\">\n\t\t\t<div class=\"img_effects\">\n\t<figure class=\"\" style=\"cursor:default;\">\n\t\t<img decoding=\"async\" class=\"img-responsive\" src=\"https:\/\/moto-center.ch\/bern\/wp-content\/uploads\/sites\/3\/2025\/01\/Ortema_lumbo-x_high-400x400.jpg\">\n\t\t\t\t\t<figcaption class=\"text-center\">\n\t\t\t\t<h4 class=\"\">Lumbo-X High<\/h4>\t\t\t\t\t\t\t\t<a class=\"main-btn\" href=\"https:\/\/moto-center.payrexx.com\/de\/pay?tid=2c329445\"\n\t\t\t\t\ttarget=\"_blank\"><\/a>\t\t\t<\/figcaption>\n\t\t\t<\/figure>\n<\/div>\t\t<\/div>\n<\/div>\n\n<div class=\"fw-row\">\n\t\n<div class=\"col-xs-12 txt-autogen\">\n\t\t\t<div class=\"embed-container\">\n\t<iframe loading=\"lazy\" title=\"ORTEMA Sport Protection - hochwertige Protektoren hergestellt in Deutschland\" width=\"500\" height=\"281\" src=\"https:\/\/www.youtube.com\/embed\/eIRE5YM7vQQ?feature=oembed\" frameborder=\"0\" allow=\"accelerometer; autoplay; clipboard-write; encrypted-media; gyroscope; picture-in-picture; web-share\" referrerpolicy=\"strict-origin-when-cross-origin\" allowfullscreen><\/iframe><\/div>\n\n\t\t<\/div>\n<\/div>\n\n\t\t<\/div>\n\t\t\t<\/section>\n\n<\/p>\n","protected":false},"excerpt":{"rendered":"<p>Unser Shop Herzlich willkommen in unserem grossen Bekleidungsfachgesch\u00e4ft. Du findest auf \u00fcber 900m2 Motorradbekleidung mit fachm\u00e4nnischer Beratung. Wir verkaufen nicht nur Motorradbekleidung, wir fahren auch selber Motorrad. Deshalb kennen wir deine Bed\u00fcrfnisse und k\u00f6nnen dir das Beste Produkt anbieten. Im Sortiment findest du Bekleidung f\u00fcr jeden Einsatzzweck. Dabei spielt es keine Rolle, ob du Enduro, [&hellip;]<\/p>\n","protected":false},"author":3,"featured_media":0,"parent":0,"menu_order":20,"comment_status":"closed","ping_status":"closed","template":"","meta":{"footnotes":""},"class_list":["post-32","page","type-page","status-publish","hentry"],"_links":{"self":[{"href":"https:\/\/moto-center.ch\/bern\/wp-json\/wp\/v2\/pages\/32","targetHints":{"allow":["GET"]}}],"collection":[{"href":"https:\/\/moto-center.ch\/bern\/wp-json\/wp\/v2\/pages"}],"about":[{"href":"https:\/\/moto-center.ch\/bern\/wp-json\/wp\/v2\/types\/page"}],"author":[{"embeddable":true,"href":"https:\/\/moto-center.ch\/bern\/wp-json\/wp\/v2\/users\/3"}],"replies":[{"embeddable":true,"href":"https:\/\/moto-center.ch\/bern\/wp-json\/wp\/v2\/comments?post=32"}],"version-history":[{"count":4,"href":"https:\/\/moto-center.ch\/bern\/wp-json\/wp\/v2\/pages\/32\/revisions"}],"predecessor-version":[{"id":9249,"href":"https:\/\/moto-center.ch\/bern\/wp-json\/wp\/v2\/pages\/32\/revisions\/9249"}],"wp:attachment":[{"href":"https:\/\/moto-center.ch\/bern\/wp-json\/wp\/v2\/media?parent=32"}],"curies":[{"name":"wp","href":"https:\/\/api.w.org\/{rel}","templated":true}]}}