{"id":278,"date":"2016-01-30T09:05:16","date_gmt":"2016-01-30T08:05:16","guid":{"rendered":"http:\/\/moto-center.ch\/bern\/?page_id=278"},"modified":"2018-07-05T08:08:45","modified_gmt":"2018-07-05T07:08:45","slug":"liq-shop","status":"publish","type":"page","link":"https:\/\/moto-center.ch\/bern\/liq-shop\/","title":{"rendered":"LIQ SHOP DE"},"content":{"rendered":"<p>\n\t<section style=\" background-image:url(https:\/\/moto-center.ch\/bern\/wp-content\/uploads\/sites\/3\/2018\/07\/panorama-6_Web-1600x554.jpg) !important; padding-top:275px;  padding-bottom:280px; \" class=\"fw-main-row  bg_positioned container-fluid autogen\">\n\t\t<div>\n\t\t  \t\t<\/div>\n\t\t\t<\/section>\n\n\t\t<section style = \" padding-top:15px;  padding-bottom:15px; \"  class=\"fw-main-row bg_gray_darker txt_gray_lighter container-fluid\">\n\t\t\t<div class=\"container\">\n\t\t\t\t<div class=\"fw-row\">\n\t\n<div class=\"col-xs-12 txt-autogen\">\n\t\t\t<div class=\"fw-heading fw-heading-h1\">\n\t\t<h1 class='no'>Unser LIQ SHOP<\/h1>\t<\/div>\t\t<\/div>\n<\/div>\n\n<div class=\"fw-row\">\n\t\n<div class=\"col-xs-12 col-sm-9 col-md-9 txt-autogen\">\n\t\t\t<div class=\" txt-autogen no_bg\"><p>Herzlich willkommen in unserer Schatztruhe! Wir haben auf \u00fcber 500m<sup>2<\/sup> eine riesige Auswahl an Motorradbekleidung zum <strong>Nettopreis und in Topqualit\u00e4t<\/strong>!<\/p><ul><li><strong>GORE-TEX f\u00fcr M\u00e4nner &amp; Frauen<\/strong><\/li><li><strong>Textilbekleidung f\u00fcr M\u00e4nner &amp; Frauen<\/strong><\/li><li><strong>Lederkombis (einteiler &amp; zweiteiler) f\u00fcr M\u00e4nner &amp; Frauen<\/strong><\/li><li><strong>Kinderbekleidung wie Kombis, Jacken, Schuhe, Helme etc.<\/strong><\/li><li><strong>Riesige Auswahl an Helmen<\/strong><\/li><li><strong>Handschuhe in den Gr\u00f6sse 6,5 bis 13<\/strong><\/li><li><strong>Stiefel &amp; Schuhe in den Gr\u00f6ssen 38 bis 46<\/strong><\/li><\/ul><\/div>\t\t<\/div>\n\n<div class=\"col-xs-12 col-sm-3 col-md-3 txt-autogen\">\n\t\t\t<div class=\" txt-autogen no_bg\"><p><strong>Kontakt<\/strong><\/p><p><strong>Moto-Center Bern<\/strong><br \/>Freiburgstrasse 384<br \/>3018 Bern<\/p><p><i class=\"fa fa-phone-square\"><\/i> 031 992 16 10<br \/><i class=\"fa fa-fax\"><\/i> 031 992 16 13<br \/><i class=\"fa fa-envelope\"><\/i> <a href=\"mailto:bern&#64;&#109;&#111;&#116;&#111;-&#99;ent&#101;&#114;&#46;&#99;h\">E-M&#97;il<\/a><br \/><i class=\"fa fa-compress\"><\/i> <a href=\"http:\/\/www.moto-center.ch\/bern\/unternehmen\/kontakt\/\">Kontaktformular<\/a><br \/><i class=\"fa fa-globe\"><\/i> <a href=\"http:\/\/www.moto-center.ch\/bern\/unternehmen\/kontakt\/\">Situationsplan<\/a><\/p><\/div>\t\t<\/div>\n<\/div>\n\n\t\t\t<\/div>\n\t\t<\/section>\n\t\t\n\t<section style=\" background-image:url(https:\/\/moto-center.ch\/bern\/wp-content\/uploads\/sites\/3\/2018\/07\/panorama-5_Web-1600x445.jpg) !important; padding-top:275px;  padding-bottom:280px; \" class=\"fw-main-row  bg_positioned container-fluid autogen\">\n\t\t<div>\n\t\t  \t\t<\/div>\n\t\t\t<\/section>\n\n<\/p>\n","protected":false},"excerpt":{"rendered":"<p>Unser LIQ SHOP Herzlich willkommen in unserer Schatztruhe! Wir haben auf \u00fcber 500m2 eine riesige Auswahl an Motorradbekleidung zum Nettopreis und in Topqualit\u00e4t!GORE-TEX f\u00fcr M\u00e4nner &amp; FrauenTextilbekleidung f\u00fcr M\u00e4nner &amp; FrauenLederkombis (einteiler &amp; zweiteiler) f\u00fcr M\u00e4nner &amp; FrauenKinderbekleidung wie Kombis, Jacken, Schuhe, Helme etc.Riesige Auswahl an HelmenHandschuhe in den Gr\u00f6sse 6,5 bis 13Stiefel &amp; Schuhe [&hellip;]<\/p>\n","protected":false},"author":3,"featured_media":0,"parent":0,"menu_order":40,"comment_status":"closed","ping_status":"closed","template":"","meta":{"footnotes":""},"class_list":["post-278","page","type-page","status-publish","hentry"],"_links":{"self":[{"href":"https:\/\/moto-center.ch\/bern\/wp-json\/wp\/v2\/pages\/278","targetHints":{"allow":["GET"]}}],"collection":[{"href":"https:\/\/moto-center.ch\/bern\/wp-json\/wp\/v2\/pages"}],"about":[{"href":"https:\/\/moto-center.ch\/bern\/wp-json\/wp\/v2\/types\/page"}],"author":[{"embeddable":true,"href":"https:\/\/moto-center.ch\/bern\/wp-json\/wp\/v2\/users\/3"}],"replies":[{"embeddable":true,"href":"https:\/\/moto-center.ch\/bern\/wp-json\/wp\/v2\/comments?post=278"}],"version-history":[{"count":6,"href":"https:\/\/moto-center.ch\/bern\/wp-json\/wp\/v2\/pages\/278\/revisions"}],"predecessor-version":[{"id":284,"href":"https:\/\/moto-center.ch\/bern\/wp-json\/wp\/v2\/pages\/278\/revisions\/284"}],"wp:attachment":[{"href":"https:\/\/moto-center.ch\/bern\/wp-json\/wp\/v2\/media?parent=278"}],"curies":[{"name":"wp","href":"https:\/\/api.w.org\/{rel}","templated":true}]}}