{"id":26,"date":"2016-01-26T21:17:45","date_gmt":"2016-01-26T20:17:45","guid":{"rendered":"http:\/\/moto-center.ch\/bern\/?page_id=26"},"modified":"2026-03-02T20:55:40","modified_gmt":"2026-03-02T19:55:40","slug":"ueber-uns","status":"publish","type":"page","link":"https:\/\/moto-center.ch\/bern\/unternehmen\/ueber-uns\/","title":{"rendered":"\u00dcber uns"},"content":{"rendered":"<p>\n\t<section style=\" padding-top:155px;  padding-bottom:15px; \" class=\"fw-main-row bg-darker container-fluid autogen\">\n\t\t<div class=\" container\">\n\t\t  <div class=\"fw-row\">\n\t\n<div class=\"col-xs-12 col-sm-4 col-md-4 txt-autogen\">\n\t\t\t<div class=\"fw-heading fw-heading-h3\">\n\t\t<h3 class='no'>Unsere Adresse<\/h3>\t<\/div><div class=\" txt-autogen no_bg\"><p>Moto-Center Bern<br \/>Freiburgstrasse 384<br \/>3018 Bern<\/p><p><a href=\"mailto:bern@moto-center.ch\">bern@moto-center.ch<\/a><br \/>CHE-341.300.435 MWST<\/p><\/div><a href=\"https:\/\/www.google.ch\/maps\/place\/Moto-Center+Bern\/@46.9356146,7.3909083,17z\/data=!3m1!4b1!4m5!3m4!1s0x478e38e0155ccd95:0x8d640130d2c61d13!8m2!3d46.935611!4d7.393097?hl=de\" target=\"_blank\" style=\" min-width: 50%;font-size:15px;\"\t\tclass=\"btn btn-sm btn-transition txt-darker  txt-hover-primary btn-bg-primary btn-border-darker btn-bg-hover-darker btn-border-hover-primary  none\">\n\t<span>Route mit Google Maps<\/span>\n<\/a>\n  \t  <div class=\"fw-divider-space\" style=\"padding-top: 25px;\"><\/div>\n\t\t\t<\/div>\n\n<div class=\"col-xs-12 col-sm-8 col-md-8 txt-autogen\">\n\t\t\t<div class=\"fw-heading fw-heading-h3\">\n\t\t<h3 class='no'>\u00d6ffnungszeiten<\/h3>\t<\/div><div class=\"fw-table\">\n\t<table class=\"table\">\n\t\t\t\t\t\t\t\t\t<tr class=\"default-row\">\n\t\t\t\t\t\t\t\t\t\t\t<td class=\"default-col\">\n\t\t\t\t\t\t\t\t\t\t\t\t\t\t\tMontag bis Freitag<br>Samstag<br>Sonntag\t\t\t\t\t\t\t\t\t\t\t\t\t\t\t\t\t\t\t<\/td>\n\t\t\t\t\t\t\t\t\t\t\t<td class=\"default-col\">\n\t\t\t\t\t\t\t09:00 - 19:00 Uhr<br>09:00 - 17:00 Uhr<br>geschlossen\t\t\t\t\t\t<\/td>\n\t\t\t\t\t\t\t\t\t<\/tr>\n\t\t\t\t\t\t<\/table>\n<\/div><div class=\" txt-autogen no_bg\"><p>Geschlossen: 1. &amp; 2. Januar, Karfreitag, Ostermontag, Auffahrt, Pfingstmontag, 1. August, 25. &amp; 26. Dezember<br \/>Vor Feiertagen schliessen wir um <strong>17.00 Uhr<\/strong>.<\/p><\/div>\t\t<\/div>\n<\/div>\n\n<div class=\"fw-row\">\n\t\n<div class=\"col-xs-12 txt-autogen\">\n\t\t\t<script type=\"text\/javascript\">\n\tvar templateUrl = '\/\/moto-center.ch\/bern\/wp-content\/uploads\/sites\/3\/2023\/09\/MCB_Mapcursor.png';\n<\/script>\n<div class=\"fw-map\" data-locations=\"[{&quot;title&quot;:&quot;Moto-Center Bern&quot;,&quot;url&quot;:&quot;https:\\\/\\\/moto-center.ch\\\/bern&quot;,&quot;thumb&quot;:&quot;\\\/\\\/moto-center.ch\\\/bern\\\/wp-content\\\/uploads\\\/sites\\\/3\\\/2023\\\/09\\\/MCB_Mapcursor.png&quot;,&quot;coordinates&quot;:{&quot;lat&quot;:46.93555920000000014624674804508686065673828125,&quot;lng&quot;:7.3928136999999995992993717663921415805816650390625},&quot;description&quot;:&quot;Die gr\\u00f6sste Auswahl von Bern&quot;}]\" data-map-type=\"ROADMAP\" data-map-height=\"600\" data-gmap-key=\"AIzaSyDefyn2OGt90ln8VZvNx3r7NDjHy3lvHlI\" >\n\t<div id=\"gmap\" class=\"fw-map-canvas\"><\/div>\n<\/div>\t\t<\/div>\n<\/div>\n\n<div class=\"fw-row\">\n\t\n<div class=\"col-xs-12 txt-autogen\">\n\t\t\t\n  \t  <div class=\"fw-divider-space\" style=\"padding-top: 50px;\"><\/div>\n\t<form data-fw-form-id=\"fw_form\" method=\"post\" action=\"https:\/\/moto-center.ch\/bern\/wp-json\/wp\/v2\/pages\/26\" class=\"fw_form_fw_form\" data-fw-ext-forms-type=\"contact-forms\"  ><input type=\"hidden\" name=\"fwf\" value=\"fw_form\" \/><input type=\"hidden\" id=\"_nonce_954b8aa9c30f77616b26a5dd437bf394\" name=\"_nonce_954b8aa9c30f77616b26a5dd437bf394\" value=\"aded919d39\" \/><input type=\"hidden\" name=\"_wp_http_referer\" value=\"\/bern\/wp-json\/wp\/v2\/pages\/26\" \/><input type=\"hidden\" name=\"fw_ext_forms_form_type\" value=\"contact-forms\" \/><input type=\"hidden\" name=\"fw_ext_forms_form_id\" value=\"5bbd360bf1062af233db12809bf2c476\" \/>\n\t<div class=\"fw-row\"><div class=\"col-xs-12 form-builder-item form-builder-item\">\n\t<div class=\"header title\">\n\t\t<h2><h3>Kontaktformular<\/h3><\/h2>\n\t\t\t<\/div>\n<\/div><\/div><div class=\"fw-row\">\t<div class=\"col-xs-12 col-sm-6 col-md-6 form-builder-item\">\n\t\t<label>Anrede\t\t\t<sup>*<\/sup>\t\t<\/label>\n\t\t<div class=\"radio\">\n\t\t\t\t\t\t\t\t\t\t\t\t<label class=\"radio-inline\" for=\"rand-1\">\n\t\t\t\t\t  <input type=\"radio\" name=\"radio_4f2687b\" value=\"Herr\" id=\"rand-1\"  \/>\n\t\t\t\t\t  Herr\t\t\t\t\t<\/label>\n\t\t\t\t\t\t\t\t\t\t\t\t<label class=\"radio-inline\" for=\"rand-2\">\n\t\t\t\t\t  <input type=\"radio\" name=\"radio_4f2687b\" value=\"Frau\" id=\"rand-2\"  \/>\n\t\t\t\t\t  Frau\t\t\t\t\t<\/label>\n\t\t\t\t\t\t\t\t\t\t\t\t<label class=\"radio-inline\" for=\"rand-3\">\n\t\t\t\t\t  <input type=\"radio\" name=\"radio_4f2687b\" value=\"Firma\" id=\"rand-3\"  \/>\n\t\t\t\t\t  Firma\t\t\t\t\t<\/label>\n\t\t\t\t\t<\/div>\n\t\t\t<\/div>\n<div class=\"form-group col-xs-12 col-sm-6 col-md-6 form-builder-item\">\n\t\t<label for=\"id-4\">Firma\t\t\t\t<\/label>\n\t\t<input class=\"form-control\" type=\"text\" name=\"text_c125343\" placeholder=\"\" value=\"\" id=\"id-4\" >\n\t\t<\/div><\/div><div class=\"fw-row\"><div class=\"form-group col-xs-12 col-sm-6 col-md-6 form-builder-item\">\n\t\t<label for=\"id-5\">Vorname\t\t<sup>*<\/sup>\t\t<\/label>\n\t\t<input class=\"form-control\" type=\"text\" name=\"text_f18da11\" placeholder=\"\" value=\"\" id=\"id-5\" required=\"required\" >\n\t\t<\/div><div class=\"form-group col-xs-12 col-sm-6 col-md-6 form-builder-item\">\n\t\t<label for=\"id-6\">Name\t\t<sup>*<\/sup>\t\t<\/label>\n\t\t<input class=\"form-control\" type=\"text\" name=\"text_c398e36\" placeholder=\"\" value=\"\" id=\"id-6\" required=\"required\" >\n\t\t<\/div><\/div><div class=\"fw-row\"><div class=\"form-group col-xs-12 col-sm-6 col-md-6 form-builder-item\">\n\t\t<label for=\"id-7\">Adresse\t\t<sup>*<\/sup>\t\t<\/label>\n\t\t<input class=\"form-control\" type=\"text\" name=\"text_f4e8203\" placeholder=\"\" value=\"\" id=\"id-7\" required=\"required\" >\n\t\t<\/div><div class=\"form-group col-xs-12 col-sm-4 col-md-2 form-builder-item\">\n\t\t<label for=\"id-8\">PLZ\t\t<sup>*<\/sup>\t\t<\/label>\n\t\t<input class=\"form-control\" type=\"text\" name=\"text_fc77c4d\" placeholder=\"\" value=\"\" id=\"id-8\" required=\"required\" >\n\t\t<\/div><div class=\"form-group col-xs-12 col-sm-4 col-md-4 form-builder-item\">\n\t\t<label for=\"id-9\">Ort\t\t<sup>*<\/sup>\t\t<\/label>\n\t\t<input class=\"form-control\" type=\"text\" name=\"text_c57509f\" placeholder=\"\" value=\"\" id=\"id-9\" required=\"required\" >\n\t\t<\/div><\/div><div class=\"fw-row\"><div class=\"form-group col-xs-12 col-sm-4 col-md-4 form-builder-item\">\n\t\t<label for=\"id-10\">Mobile\t\t<sup>*<\/sup>\t\t<\/label>\n\t\t<input class=\"form-control\" type=\"text\" name=\"text_11305f0\" placeholder=\"079 123 45 67\" value=\"\" id=\"id-10\" required=\"required\" >\n\t\t<\/div><div class=\"form-group col-xs-12 col-sm-4 col-md-4 form-builder-item\">\n\t\t<label for=\"id-11\">Email\t\t<sup>*<\/sup>\t\t<\/label>\n\t\t<input class=\"form-control\" type=\"text\" name=\"email_3986fc7\" placeholder=\"\" value=\"\" id=\"id-11\" required=\"required\" >\n\t\t<\/div><div class=\"form-group col-xs-12 col-sm-4 col-md-4 form-builder-item\">\n\t\t<label for=\"id-12\">Geb. Datum\t\t\t\t<\/label>\n\t\t<input class=\"form-control\" type=\"text\" name=\"text_a2d11d9\" placeholder=\"01.01.2021\" value=\"\" id=\"id-12\" >\n\t\t<\/div><\/div><div class=\"fw-row\"><div class=\"form-group col-xs-12 form-builder-item\">\n\t\t<label for=\"id-13\">Anfrage\t\t<sup>*<\/sup>\t\t<\/label>\n\t\t<textarea class=\"form-control\" name=\"textarea_e91883a\" placeholder=\"\" id=\"id-13\" required=\"required\" ><\/textarea>\n\t\t<\/div><\/div><div class=\"fw-row\">\t<div class=\"col-xs-12 form-builder-item\">\n\t\t<label>Einverst\u00e4ndniserkl\u00e4rung f\u00fcr Datenschutz und Marketingmassnahmen\t\t\t<sup>*<\/sup>\t\t<\/label>\n\t\t<div class=\"radio\">\n\t\t\t\t\t\t\t\t\t\t\t\t<label class=\"radio\" for=\"rand-14\">\n\t\t\t\t\t  <input type=\"radio\" name=\"radio_a3bc459\" value=\"Ja, ich erkl\u00e4re mich mit den &lt;a href=&quot;https:\/\/moto-center.ch\/unternehmen\/impressum\/&quot; target=&quot;_blank&quot;&gt;Datenschutz- und Marketingbestimmungen&lt;\/a&gt; einverstanden.\" id=\"rand-14\"  \/>\n\t\t\t\t\t  Ja, ich erkl\u00e4re mich mit den <a href=\"https:\/\/moto-center.ch\/unternehmen\/impressum\/\" target=\"_blank\">Datenschutz- und Marketingbestimmungen<\/a> einverstanden.\t\t\t\t\t<\/label>\n\t\t\t\t\t<\/div>\n\t\t\t<\/div>\n<\/div><div class=\"fw-row\"><div class=\"col-xs-12 col-sm-3 col-md-3 form-builder-item\">\n        <label>Kopie an mich                    <\/label>\n        <div class=\"checkbox\">\n                                            <label class=\"checkbox-inline\" for=\"rand-15\">\n\t\t\t\t\t<input value=\"yes\" type=\"checkbox\" name=\"auto_responder_f74153d\" id=\"rand-15\"  \/>\n\t\t\t\t<\/label>\n                    <\/div>\n<\/div><div class=\"col-xs-12 col-sm-6 col-md-6 form-builder-item\">\n\t<div class=\"field-recaptcha\">\n\t\t<input type=\"hidden\" class=\"recaptcha-val\" name=\"token\">\n\t\t<div class=\"form-builder-item-recaptcha-v3\" ><\/div>\n\t<\/div>\n<\/div><\/div><div class=\"row\">\n\t<div class=\"col-xs-12\">\n\t\t<button type=\"submit\" class=\"btn btn-lg btn-primary\">Abschicken <\/button>\n\t<\/div>\n<\/div><\/form>\t\t<\/div>\n<\/div>\n\n\t\t<\/div>\n\t\t\t<\/section>\n\n\n\t<section style=\" padding-top:15px;  padding-bottom:15px; \" class=\"fw-main-row bg-darker container-fluid autogen\">\n\t\t<div class=\" container\">\n\t\t  <div class=\"fw-row\">\n\t\n<div class=\"col-xs-12 col-sm-6 col-md-6 txt-autogen\">\n\t\t\t<div class=\"fw-heading fw-heading-h3\">\n\t\t<h3 class='no'>Offene Stellen<\/h3>\t<\/div><div class=\" txt-autogen no_bg\"><p>Wir freuen uns auf ehrgeizige und aufgestellte Kandidaten, die Teil unseres Teams werden m\u00f6chten. Wir freuen uns auf ehrgeizige und aufgestellte Kandidaten, die Teil unseres Teams werden m\u00f6chten\u2026<\/p><\/div>\n  \t  <div class=\"fw-divider-space\" style=\"padding-top: 25px;\"><\/div>\n\t<a href=\"https:\/\/moto-center.ch\/bern\/unternehmen\/jobs\/\" target=\"_self\" style=\" min-width: 50%;font-size:20px;\"\t\tclass=\"btn btn-sm btn-transition txt-darker  txt-hover-primary btn-bg-primary btn-border-primary btn-bg-hover-darker btn-border-hover-primary  none\">\n\t<span>Unsere Jobs<\/span>\n<\/a>\t\t<\/div>\n\n<div class=\"col-xs-12 col-sm-6 col-md-6 txt-autogen\">\n\t\t\t<div class=\"img_effects\">\n\t<figure class=\"\" style=\"cursor:default;\">\n\t\t<img decoding=\"async\" class=\"img-responsive\" src=\"https:\/\/moto-center.ch\/bern\/wp-content\/uploads\/sites\/3\/2016\/01\/Motocenter032-800x450.jpg\">\n\t\t\t\t\t<figcaption class=\"text-left\">\n\t\t\t\t\t\t\t\t\t\t\t\t\t\t\t<\/figcaption>\n\t\t\t<\/figure>\n<\/div>\t\t<\/div>\n<\/div>\n\n\t\t<\/div>\n\t\t\t<\/section>\n\n<\/p>\n","protected":false},"excerpt":{"rendered":"<p>Unsere Adresse Moto-Center BernFreiburgstrasse 3843018 Bernbern@moto-center.chCHE-341.300.435 MWST Route mit Google Maps \u00d6ffnungszeiten Montag bis FreitagSamstagSonntag 09:00 &#8211; 19:00 Uhr09:00 &#8211; 17:00 Uhrgeschlossen Geschlossen: 1. &amp; 2. Januar, Karfreitag, Ostermontag, Auffahrt, Pfingstmontag, 1. August, 25. &amp; 26. DezemberVor Feiertagen schliessen wir um 17.00 Uhr. Kontaktformular Anrede * Herr Frau Firma Firma Vorname * Name * Adresse [&hellip;]<\/p>\n","protected":false},"author":3,"featured_media":0,"parent":2,"menu_order":1,"comment_status":"closed","ping_status":"closed","template":"","meta":{"footnotes":""},"class_list":["post-26","page","type-page","status-publish","hentry"],"_links":{"self":[{"href":"https:\/\/moto-center.ch\/bern\/wp-json\/wp\/v2\/pages\/26","targetHints":{"allow":["GET"]}}],"collection":[{"href":"https:\/\/moto-center.ch\/bern\/wp-json\/wp\/v2\/pages"}],"about":[{"href":"https:\/\/moto-center.ch\/bern\/wp-json\/wp\/v2\/types\/page"}],"author":[{"embeddable":true,"href":"https:\/\/moto-center.ch\/bern\/wp-json\/wp\/v2\/users\/3"}],"replies":[{"embeddable":true,"href":"https:\/\/moto-center.ch\/bern\/wp-json\/wp\/v2\/comments?post=26"}],"version-history":[{"count":5,"href":"https:\/\/moto-center.ch\/bern\/wp-json\/wp\/v2\/pages\/26\/revisions"}],"predecessor-version":[{"id":9362,"href":"https:\/\/moto-center.ch\/bern\/wp-json\/wp\/v2\/pages\/26\/revisions\/9362"}],"up":[{"embeddable":true,"href":"https:\/\/moto-center.ch\/bern\/wp-json\/wp\/v2\/pages\/2"}],"wp:attachment":[{"href":"https:\/\/moto-center.ch\/bern\/wp-json\/wp\/v2\/media?parent=26"}],"curies":[{"name":"wp","href":"https:\/\/api.w.org\/{rel}","templated":true}]}}